{"id":14673,"date":"2025-04-23T15:47:42","date_gmt":"2025-04-23T13:47:42","guid":{"rendered":"https:\/\/e-in.ch\/entreprise\/"},"modified":"2025-12-23T16:22:02","modified_gmt":"2025-12-23T15:22:02","slug":"entreprise","status":"publish","type":"page","link":"https:\/\/e-in.ch\/fr\/entreprise\/","title":{"rendered":"Entreprise"},"content":{"rendered":"<div class=\"gb-container gb-container-3938259c alignfull\">\n<div class=\"gb-container gb-container-3a4661b3 arrow_homepage_absolute\">\n\n<figure class=\"gb-block-image gb-block-image-74d23b6e\"><a href=\"#section2\"><img decoding=\"async\" width=\"41\" height=\"41\" class=\"gb-image gb-image-74d23b6e imageclikcbutton\" src=\"https:\/\/e-in.ch\/wp-content\/uploads\/2025\/06\/Path-143.svg\" alt=\"\"><\/a><\/figure>\n\n<\/div>\n<\/div><div class=\"gb-container gb-container-0343ae87\" id=\"section2\">\n<div class=\"gb-grid-wrapper gb-grid-wrapper-695cd12a\">\n<div class=\"gb-grid-column gb-grid-column-abc70d86\"><div class=\"gb-container gb-container-abc70d86\">\n\n<h1 class=\"gb-headline gb-headline-4fc2deee gb-headline-text\" data-aos=\"fade-up\">\u00c0 propos de nous<\/h1>\n\n<\/div><\/div>\n\n<div class=\"gb-grid-column gb-grid-column-fcecb248\"><div class=\"gb-container gb-container-fcecb248\">\n\n<h4 class=\"gb-headline gb-headline-ca192e4c gb-headline-text\" data-aos=\"fade-up\"><strong>La soci\u00e9t\u00e9 e-in a \u00e9t\u00e9 fond\u00e9e en 2003 par Antonio Paparo avec une vision claire&nbsp;: fournir des solutions innovantes \u00e0 nos clients. Dans les premi\u00e8res ann\u00e9es, nous nous sommes concentr\u00e9s sur la distribution de produits de haute qualit\u00e9 de fabricants renomm\u00e9s, jetant ainsi les bases de notre offre compl\u00e8te de services actuelle. <\/strong><\/h4>\n\n<\/div><\/div>\n<\/div>\n<\/div><div class=\"gb-container gb-container-ab221761\">\n<div class=\"gb-grid-wrapper gb-grid-wrapper-6782aeba\">\n<div class=\"gb-grid-column gb-grid-column-9ea56307\"><div class=\"gb-container gb-container-9ea56307\">\n\n<p class=\"gb-headline gb-headline-dd6361c0 gb-headline-text\" data-aos=\"fade-up\">Au fil des ans, de nombreuses suggestions, souhaits et d\u00e9fis issus des discussions avec les clients nous sont parvenus. Ces pr\u00e9cieuses impulsions nous ont motiv\u00e9s \u00e0 faire progresser nos propres d\u00e9veloppements \u2013 avec une r\u00e9sonance toujours positive. <\/p>\n\n<\/div><\/div>\n\n<div class=\"gb-grid-column gb-grid-column-7c54ead0\"><div class=\"gb-container gb-container-7c54ead0\"><\/div><\/div>\n<\/div>\n<\/div><div class=\"gb-container gb-container-0a1a1554\">\n<div class=\"gb-grid-wrapper gb-grid-wrapper-c85de30f\">\n<div class=\"gb-grid-column gb-grid-column-d0de42f9\"><div class=\"gb-container gb-container-d0de42f9\">\n\n<p class=\"gb-headline gb-headline-0225019e gb-headline-text\" data-aos=\"fade-up\">Lorsque la demande de montage de goulottes de sol a fortement augment\u00e9, nous avons embauch\u00e9 notre premier monteur en 2006. Un an plus tard, en 2007, nous avons d\u00e9m\u00e9nag\u00e9 de Wetzikon \u00e0 Hadlikon \u2013 nos locaux pr\u00e9c\u00e9dents n\u2019\u00e9taient plus suffisants. <\/p>\n\n\n<div class=\"gb-container gb-container-27dbca67\"><\/div>\n<\/div><\/div>\n\n<div class=\"gb-grid-column gb-grid-column-0d86294d\"><div class=\"gb-container gb-container-0d86294d\">\n\n<p class=\"gb-headline gb-headline-6029111b gb-headline-text\" data-aos=\"fade-up\">Depuis, nous n\u2019avons cess\u00e9 d\u2019\u00e9largir notre gamme de produits \u2013 tant avec nos propres innovations qu\u2019avec des produits commerciaux soigneusement s\u00e9lectionn\u00e9s. Parall\u00e8lement, notre \u00e9quipe n\u2019a cess\u00e9 de s\u2019agrandir. <\/p>\n\n\n<div class=\"gb-container gb-container-f9dcc283\"><\/div>\n\n\n<p class=\"gb-headline gb-headline-e6f9889f gb-headline-text\" data-aos=\"fade-up\">Fin&nbsp;2011, nous nous sommes strat\u00e9giquement r\u00e9orient\u00e9s et avons d\u00e9cid\u00e9 de nous concentrer sur le commerce de gros de produits commerciaux. Dans le cadre de cette r\u00e9orientation, nous avons remani\u00e9 notre logo et l\u2019avons adapt\u00e9 \u00e0 notre nouvelle strat\u00e9gie d\u2019entreprise. <br><\/p>\n\n<\/div><\/div>\n<\/div>\n<\/div><div class=\"gb-container gb-container-0e231533 alignfull\">\n<div class=\"gb-container gb-container-7c9ef19d\">\n<div class=\"gb-grid-wrapper gb-grid-wrapper-f8a71ae3\">\n<div class=\"gb-grid-column gb-grid-column-a3aca8de\"><div class=\"gb-container gb-container-a3aca8de\">\n\n<h2 class=\"gb-headline gb-headline-3aa324a9 gb-headline-text\" data-aos=\"fade-up\">La<br>Philosophie<\/h2>\n\n<\/div><\/div>\n\n<div class=\"gb-grid-column gb-grid-column-d04dd4c8\"><div class=\"gb-container gb-container-d04dd4c8\">\n\n<p class=\"gb-headline gb-headline-287a4bf4 gb-headline-text\" data-aos=\"fade-up\">Conform\u00e9ment \u00e0 notre devise&nbsp;<em>\u00ab&nbsp;Produits innovants pour les installations \u00e9lectriques&nbsp;\u00bb<\/em>, nous d\u00e9veloppons nos solutions dans le but de les rendre conviviales, rapides \u00e0 monter et esth\u00e9tiques. Nos produits s\u2019int\u00e8grent parfaitement dans les concepts d\u2019espaces les plus divers <\/p>\n\n\n\n<p class=\"gb-headline gb-headline-ca8c4dd7 gb-headline-text\" data-aos=\"fade-up\">Nous proposons non seulement des solutions standard, mais nous r\u00e9pondons \u00e9galement de mani\u00e8re cibl\u00e9e aux souhaits individuels de nos clients. Cela vaut \u00e9galement pour nos produits commerciaux&nbsp;: ici aussi, nous accordons une grande importance \u00e0 la flexibilit\u00e9 et \u00e0 la proximit\u00e9 avec le client. <\/p>\n\n<\/div><\/div>\n<\/div>\n<\/div>\n<\/div><div class=\"gb-container gb-container-1e77b89b alignfull\">\n\n<figure class=\"gb-block-image gb-block-image-edae2e86\"><img decoding=\"async\" class=\"gb-image gb-image-edae2e86\" src=\"https:\/\/e-in.ch\/wp-content\/uploads\/2025\/08\/Design-ohne-Titel-1333-Kopie.png\" alt=\"\" title=\"Design sans titre (1333 - Copie\"><\/figure>\n\n<\/div><div class=\"gb-container gb-container-4dd1e8e1\">\n<div class=\"gb-grid-wrapper gb-grid-wrapper-200205e8\">\n<div class=\"gb-grid-column gb-grid-column-d8ba4d2f\"><div class=\"gb-container gb-container-d8ba4d2f\">\n\n<h2 class=\"gb-headline gb-headline-2eaefc0c gb-headline-text\" data-aos=\"fade-up\">L\u2019\u00e9quipe<\/h2>\n\n<\/div><\/div>\n\n<div class=\"gb-grid-column gb-grid-column-66a49dae\"><div class=\"gb-container gb-container-66a49dae\">\n\n<h4 class=\"gb-headline gb-headline-bdf16799 gb-headline-text\" data-aos=\"fade-up\">En tant qu\u2019\u00e9quipe bien rod\u00e9e, nous sommes en mesure de r\u00e9agir de mani\u00e8re spontan\u00e9e et flexible et de nous remplacer les uns les autres en cas de besoin. Cette collaboration nous rend forts et garantit que nos clients peuvent compter sur nous \u00e0 tout moment. <\/h4>\n\n<\/div><\/div>\n<\/div>\n<\/div><div class=\"gb-container gb-container-f683afb9\">\n<section id=\"digicube-block-68497a974cfd5\"     class=\"team-section\">\n\n    <ul class=\"team-members\" data-aos=\"fade-up\">\n        \n        <li class=\"team-member\">\n            <div class=\"team-member-thumbnail\">\n                                <img decoding=\"async\" width=\"428\" height=\"450\" src=\"https:\/\/e-in.ch\/wp-content\/uploads\/2025\/06\/AP_20240412.jpg\" class=\"attachment-full size-full wp-post-image\" alt=\"Antonio Paparo\" srcset=\"https:\/\/e-in.ch\/wp-content\/uploads\/2025\/06\/AP_20240412.jpg 428w, https:\/\/e-in.ch\/wp-content\/uploads\/2025\/06\/AP_20240412-285x300.jpg 285w\" sizes=\"(max-width: 428px) 100vw, 428px\" \/>                            <\/div>\n            <div class=\"team-member-info\">\n                <h2 class=\"team-member-title\">Antonio Paparo<\/h2>\n                                <p class=\"team-member-position\">Propri\u00e9taire, Directeur g\u00e9n\u00e9ral <\/p>\n                                                <p class=\"team-member-email\">\n                    <a href=\"mailto:info@e-in.ch\">info@e-in.ch<\/a>                <\/p>\n                                            <\/div>\n        <\/li>\n\n        \n        <li class=\"team-member\">\n            <div class=\"team-member-thumbnail\">\n                                <img decoding=\"async\" width=\"429\" height=\"450\" src=\"https:\/\/e-in.ch\/wp-content\/uploads\/2025\/06\/PHG_20240412.jpg\" class=\"attachment-full size-full wp-post-image\" alt=\"Philipp G\u00fcbeli\" srcset=\"https:\/\/e-in.ch\/wp-content\/uploads\/2025\/06\/PHG_20240412.jpg 429w, https:\/\/e-in.ch\/wp-content\/uploads\/2025\/06\/PHG_20240412-286x300.jpg 286w\" sizes=\"(max-width: 429px) 100vw, 429px\" \/>                            <\/div>\n            <div class=\"team-member-info\">\n                <h2 class=\"team-member-title\">Philipp G\u00fcbeli<\/h2>\n                                <p class=\"team-member-position\">Responsable grands comptes<\/p>\n                                                <p class=\"team-member-email\">\n                    <a href=\"mailto:guebeli@e-in.ch\">guebeli@e-in.ch<\/a>                <\/p>\n                                            <\/div>\n        <\/li>\n\n        \n        <li class=\"team-member\">\n            <div class=\"team-member-thumbnail\">\n                                <img decoding=\"async\" width=\"429\" height=\"450\" src=\"https:\/\/e-in.ch\/wp-content\/uploads\/2025\/06\/MG_20240412.jpg\" class=\"attachment-full size-full wp-post-image\" alt=\"Mirella Guidarelli\" srcset=\"https:\/\/e-in.ch\/wp-content\/uploads\/2025\/06\/MG_20240412.jpg 429w, https:\/\/e-in.ch\/wp-content\/uploads\/2025\/06\/MG_20240412-286x300.jpg 286w\" sizes=\"(max-width: 429px) 100vw, 429px\" \/>                            <\/div>\n            <div class=\"team-member-info\">\n                <h2 class=\"team-member-title\">Mirella Guidarelli<\/h2>\n                                <p class=\"team-member-position\">Responsable de l\u2019administration<\/p>\n                                                <p class=\"team-member-email\">\n                    <a href=\"mailto:guidarelli@e-in.ch\">guidarelli@e-in.ch<\/a>                <\/p>\n                                            <\/div>\n        <\/li>\n\n        \n        <li class=\"team-member\">\n            <div class=\"team-member-thumbnail\">\n                                <img decoding=\"async\" width=\"428\" height=\"450\" src=\"https:\/\/e-in.ch\/wp-content\/uploads\/2025\/06\/DF_20240412.jpg\" class=\"attachment-full size-full wp-post-image\" alt=\"Debbie Freiburghaus\" srcset=\"https:\/\/e-in.ch\/wp-content\/uploads\/2025\/06\/DF_20240412.jpg 428w, https:\/\/e-in.ch\/wp-content\/uploads\/2025\/06\/DF_20240412-285x300.jpg 285w\" sizes=\"(max-width: 428px) 100vw, 428px\" \/>                            <\/div>\n            <div class=\"team-member-info\">\n                <h2 class=\"team-member-title\">Debbie Freiburghaus<\/h2>\n                                <p class=\"team-member-position\">Responsable Marketing et IT<\/p>\n                                                <p class=\"team-member-email\">\n                    <a href=\"mailto:freiburghaus@e-in.ch\">freiburghaus@e-in.ch<\/a>                <\/p>\n                                            <\/div>\n        <\/li>\n\n        \n        <li class=\"team-member\">\n            <div class=\"team-member-thumbnail\">\n                                <img decoding=\"async\" width=\"429\" height=\"450\" src=\"https:\/\/e-in.ch\/wp-content\/uploads\/2025\/06\/RS_20240412.jpg\" class=\"attachment-full size-full wp-post-image\" alt=\"Ronny Schmidt\" srcset=\"https:\/\/e-in.ch\/wp-content\/uploads\/2025\/06\/RS_20240412.jpg 429w, https:\/\/e-in.ch\/wp-content\/uploads\/2025\/06\/RS_20240412-286x300.jpg 286w\" sizes=\"(max-width: 429px) 100vw, 429px\" \/>                            <\/div>\n            <div class=\"team-member-info\">\n                <h2 class=\"team-member-title\">Ronny Schmidt<\/h2>\n                                <p class=\"team-member-position\">Chef de produit junior<\/p>\n                                                <p class=\"team-member-email\">\n                    <a href=\"mailto:schmidt@e-in.ch\">schmidt@e-in.ch<\/a>                <\/p>\n                                            <\/div>\n        <\/li>\n\n        \n        <li class=\"team-member\">\n            <div class=\"team-member-thumbnail\">\n                                <img decoding=\"async\" width=\"429\" height=\"450\" src=\"https:\/\/e-in.ch\/wp-content\/uploads\/2025\/06\/FB_20240412.jpg\" class=\"attachment-full size-full wp-post-image\" alt=\"Fabian Berchtold\" srcset=\"https:\/\/e-in.ch\/wp-content\/uploads\/2025\/06\/FB_20240412.jpg 429w, https:\/\/e-in.ch\/wp-content\/uploads\/2025\/06\/FB_20240412-286x300.jpg 286w\" sizes=\"(max-width: 429px) 100vw, 429px\" \/>                            <\/div>\n            <div class=\"team-member-info\">\n                <h2 class=\"team-member-title\">Fabian Berchtold<\/h2>\n                                <p class=\"team-member-position\">Concepteur, graphiste<\/p>\n                                                <p class=\"team-member-email\">\n                    <a href=\"mailto:berchtold@e-in.ch\">berchtold@e-in.ch<\/a>                <\/p>\n                                            <\/div>\n        <\/li>\n\n        \n        <li class=\"team-member\">\n            <div class=\"team-member-thumbnail\">\n                                <img decoding=\"async\" width=\"429\" height=\"450\" src=\"https:\/\/e-in.ch\/wp-content\/uploads\/2025\/06\/PR_20240412.jpg\" class=\"attachment-full size-full wp-post-image\" alt=\"Patricia Ricciardelli\" srcset=\"https:\/\/e-in.ch\/wp-content\/uploads\/2025\/06\/PR_20240412.jpg 429w, https:\/\/e-in.ch\/wp-content\/uploads\/2025\/06\/PR_20240412-286x300.jpg 286w\" sizes=\"(max-width: 429px) 100vw, 429px\" \/>                            <\/div>\n            <div class=\"team-member-info\">\n                <h2 class=\"team-member-title\">Patricia Ricciardelli<\/h2>\n                                <p class=\"team-member-position\">Assistante de production<\/p>\n                                                <p class=\"team-member-email\">\n                    <a href=\"mailto:info@e-in.ch\">info@e-in.ch<\/a>                <\/p>\n                                            <\/div>\n        <\/li>\n\n        \n        <li class=\"team-member\">\n            <div class=\"team-member-thumbnail\">\n                                <img decoding=\"async\" width=\"373\" height=\"377\" src=\"https:\/\/e-in.ch\/wp-content\/uploads\/2025\/08\/SP_20241127.gif\" class=\"attachment-full size-full wp-post-image\" alt=\"Samuel Pavlik\" \/>                            <\/div>\n            <div class=\"team-member-info\">\n                <h2 class=\"team-member-title\">Samuel Pavlik<\/h2>\n                                <p class=\"team-member-position\">Op\u00e9rateur de production<\/p>\n                                                <p class=\"team-member-email\">\n                    <a href=\"mailto:info@e-in.ch\">info@e-in.ch<\/a>                <\/p>\n                                            <\/div>\n        <\/li>\n\n        \n        <li class=\"team-member\">\n            <div class=\"team-member-thumbnail\">\n                                <img decoding=\"async\" width=\"373\" height=\"377\" src=\"https:\/\/e-in.ch\/wp-content\/uploads\/2025\/09\/EA_20250919.gif\" class=\"attachment-full size-full wp-post-image\" alt=\"Emin Ajdarpasic\" \/>                            <\/div>\n            <div class=\"team-member-info\">\n                <h2 class=\"team-member-title\">Emin Ajdarpasic<\/h2>\n                                <p class=\"team-member-position\">Employ\u00e9 de commerce en formation<\/p>\n                                                <p class=\"team-member-email\">\n                    <a href=\"mailto:ajdarpasic@e-in.ch\">ajdarpasic@e-in.ch<\/a>                <\/p>\n                                            <\/div>\n        <\/li>\n\n            <\/ul>\n<\/section>\n\n<\/div><div class=\"gb-container gb-container-305771ec\">\n\n<h3 class=\"gb-headline gb-headline-6db76869 gb-headline-text\" data-aos=\"fade-up\"><strong>Pas seulement une \u00e9quipe,<br>mais une grande famille.<\/strong><\/h3>\n\n\n<div class=\"gb-container gb-container-0f647571\">\n<div class=\"gb-grid-wrapper gb-grid-wrapper-4cdb3398\">\n<div class=\"gb-grid-column gb-grid-column-a5f443a1\"><div class=\"gb-container gb-container-a5f443a1\" data-aos=\"fade-up\">\n\n<h4 class=\"gb-headline gb-headline-35d2e2ca gb-headline-text\"><strong>INFO<\/strong><\/h4>\n\n\n\n<p class=\"gb-headline gb-headline-7427a8c5 gb-headline-text\">Nous vous fournissons trimestriellement des informations sur les produits, des t\u00e9moignages de nos clients, des histoires et bien plus encore.<\/p>\n\n\n\n<a class=\"gb-button gb-button-696162ec gb-button-text\" href=\"mailto:info@e-in.ch\">info@e-in.ch<\/a>\n\n<\/div><\/div>\n\n<div class=\"gb-grid-column gb-grid-column-1a42fc55\"><div class=\"gb-container gb-container-1a42fc55\" data-aos=\"fade-up\">\n\n<h4 class=\"gb-headline gb-headline-07b80f41 gb-headline-text\"><strong>EMPLOIS<\/strong><\/h4>\n\n\n\n<p class=\"gb-headline gb-headline-0d44d689 gb-headline-text\">Nous recherchons de jeunes talents int\u00e9ress\u00e9s \u00e0 inventer et pr\u00eats \u00e0 s\u2019engager dans le monde du design.<\/p>\n\n\n\n<a class=\"gb-button gb-button-462ba1f5 gb-button-text\" href=\"mailto:jobs@e-in.ch\">jobs@e-in.ch<\/a>\n\n<\/div><\/div>\n<\/div>\n<\/div>\n<\/div><div class=\"gb-container gb-container-1ce57bbc alignfull\">\n<div class=\"gb-container gb-container-d6a1053c\">\n\n<h2 class=\"gb-headline gb-headline-c7115655 gb-headline-text\"><strong>Plus d\u2019informations pour vous :<\/strong><\/h2>\n\n\n<section id=\"digicube-block-6846f220d7fe7\"     class=\"slider-wrapper slider-repeater-section\">\n    \n    <div class=\"slider-repeater-footer\" data-aos=\"fade-up\">\n                                    <div class=\"slide\">\n                    <h3>Inscrivez-vous \u00e0 la newsletter d\u00e8s maintenant !<\/h3>\n                    <p>Nous vous fournissons r\u00e9guli\u00e8rement des informations sur les produits, les nouveaut\u00e9s, les rapports de terrain et bien plus encore.\r\n<\/p>\n                                            <a href=\"https:\/\/e-in.ch\/newsletter\/\" class=\"slider-repeater__button\">\n                            S\u2019INSCRIRE MAINTENANT                        <\/a>\n                                    <\/div>\n                        <\/div>\n\n<\/section>\n\n\n<\/div>\n<\/div>","protected":false},"excerpt":{"rendered":"<p>Pas seulement une \u00e9quipe,mais une grande famille. Plus d\u2019informations pour vous :<\/p>\n","protected":false},"author":1,"featured_media":14676,"parent":0,"menu_order":0,"comment_status":"closed","ping_status":"closed","template":"","meta":{"_acf_changed":false,"inline_featured_image":false,"footnotes":""},"class_list":["post-14673","page","type-page","status-publish","has-post-thumbnail"],"acf":[],"_links":{"self":[{"href":"https:\/\/e-in.ch\/fr\/wp-json\/wp\/v2\/pages\/14673","targetHints":{"allow":["GET"]}}],"collection":[{"href":"https:\/\/e-in.ch\/fr\/wp-json\/wp\/v2\/pages"}],"about":[{"href":"https:\/\/e-in.ch\/fr\/wp-json\/wp\/v2\/types\/page"}],"author":[{"embeddable":true,"href":"https:\/\/e-in.ch\/fr\/wp-json\/wp\/v2\/users\/1"}],"replies":[{"embeddable":true,"href":"https:\/\/e-in.ch\/fr\/wp-json\/wp\/v2\/comments?post=14673"}],"version-history":[{"count":2,"href":"https:\/\/e-in.ch\/fr\/wp-json\/wp\/v2\/pages\/14673\/revisions"}],"predecessor-version":[{"id":14690,"href":"https:\/\/e-in.ch\/fr\/wp-json\/wp\/v2\/pages\/14673\/revisions\/14690"}],"wp:featuredmedia":[{"embeddable":true,"href":"https:\/\/e-in.ch\/fr\/wp-json\/wp\/v2\/media\/14676"}],"wp:attachment":[{"href":"https:\/\/e-in.ch\/fr\/wp-json\/wp\/v2\/media?parent=14673"}],"curies":[{"name":"wp","href":"https:\/\/api.w.org\/{rel}","templated":true}]}}