{"id":14707,"date":"2025-04-23T15:47:42","date_gmt":"2025-04-23T13:47:42","guid":{"rendered":"https:\/\/e-in.ch\/produits\/"},"modified":"2025-12-23T16:23:34","modified_gmt":"2025-12-23T15:23:34","slug":"produits","status":"publish","type":"page","link":"https:\/\/e-in.ch\/fr\/produits\/","title":{"rendered":"Produits"},"content":{"rendered":"<div class=\"gb-container gb-container-3938259c alignfull\">\n<div class=\"gb-container gb-container-3a4661b3 arrow_homepage_absolute\">\n\n<figure class=\"gb-block-image gb-block-image-74d23b6e\"><a href=\"#section2\"><img decoding=\"async\" width=\"41\" height=\"41\" class=\"gb-image gb-image-74d23b6e imageclikcbutton\" src=\"https:\/\/e-in.ch\/wp-content\/uploads\/2025\/06\/Path-143.svg\" alt=\"\"><\/a><\/figure>\n\n<\/div>\n<\/div><div class=\"gb-container gb-container-af4493cc\" id=\"section2\">\n<div class=\"gb-grid-wrapper gb-grid-wrapper-37416cf9\">\n<div class=\"gb-grid-column gb-grid-column-d35a7676\"><div class=\"gb-container gb-container-d35a7676\">\n\n<h1 class=\"gb-headline gb-headline-9e7015ff gb-headline-text\" data-aos=\"fade-up\">Produits<\/h1>\n\n<\/div><\/div>\n\n<div class=\"gb-grid-column gb-grid-column-381eda1c\"><div class=\"gb-container gb-container-381eda1c\">\n\n<p class=\"gb-headline gb-headline-4251874a gb-headline-text\" data-aos=\"fade-up\">D\u00e9couvrez notre large s\u00e9lection de produits de haute qualit\u00e9 pour la technique du b\u00e2timent moderne et les installations \u00e9lectriques. Chez nous, vous trouverez des solutions bien pens\u00e9es qui convainquent par une fabrication pr\u00e9cise, des mat\u00e9riaux durables et un design orient\u00e9 vers la pratique.<\/p>\n\n<\/div><\/div>\n<\/div>\n<\/div><div class=\"gb-container gb-container-6377e263\">\n\n<p class=\"gb-headline gb-headline-ef165cc7 gb-headline-text\" data-aos=\"fade-up\">D\u00e9couvrez notre gamme compl\u00e8te \u2013 parcourez et laissez-vous inspirer en ligne d\u00e8s maintenant !<\/p>\n\n\n\n<div class=\"gb-grid-wrapper gb-grid-wrapper-809c1ebf gb-query-loop-wrapper\">\n<div class=\"gb-grid-column gb-grid-column-32a809fb gb-query-loop-item post-15682 produktart type-produktart status-publish has-post-thumbnail hentry\"><div class=\"gb-container gb-container-32a809fb\" data-aos=\"fade-up\">\n<figure class=\"gb-block-image gb-block-image-5df463e5\"><a href=\"https:\/\/e-in.ch\/fr\/produktart\/boitiers-de-sol-ubd\/\"><img decoding=\"async\" width=\"428\" height=\"321\" src=\"https:\/\/e-in.ch\/wp-content\/uploads\/2025\/07\/Kachel_UBD-neu.gif\" class=\"gb-image-5df463e5\" alt=\"\" \/><\/a><\/figure>\n\n<h2 class=\"gb-headline gb-headline-de6a065c gb-headline-text\"><a href=\"https:\/\/e-in.ch\/fr\/produktart\/boitiers-de-sol-ubd\/\">Bo\u00eetiers de sol UBD<\/a><\/h2>\n\n<p class=\"gb-headline gb-headline-914f6b23 gb-headline-text\">La bo\u00eete de sol intelligente pour les espaces modernes<\/p>\n\n<a class=\"gb-button gb-button-462ba1f5 gb-button-text\" href=\"https:\/\/e-in.ch\/fr\/produktart\/boitiers-de-sol-ubd\/\">D\u00e9couvrir<\/a>\n<\/div><\/div>\n\n<div class=\"gb-grid-column gb-grid-column-32a809fb gb-query-loop-item post-15549 produktart type-produktart status-publish has-post-thumbnail hentry\"><div class=\"gb-container gb-container-32a809fb\" data-aos=\"fade-up\">\n<figure class=\"gb-block-image gb-block-image-5df463e5\"><a href=\"https:\/\/e-in.ch\/fr\/produktart\/systeme-de-goulottes-de-sol-ufk\/\"><img decoding=\"async\" width=\"428\" height=\"321\" src=\"https:\/\/e-in.ch\/wp-content\/uploads\/2025\/07\/Kachel_UFK.gif\" class=\"gb-image-5df463e5\" alt=\"\" \/><\/a><\/figure>\n\n<h2 class=\"gb-headline gb-headline-de6a065c gb-headline-text\"><a href=\"https:\/\/e-in.ch\/fr\/produktart\/systeme-de-goulottes-de-sol-ufk\/\">Syst\u00e8me de goulottes de sol UFK<\/a><\/h2>\n\n<p class=\"gb-headline gb-headline-914f6b23 gb-headline-text\">La solution stable pour les installations au sol<\/p>\n\n<a class=\"gb-button gb-button-462ba1f5 gb-button-text\" href=\"https:\/\/e-in.ch\/fr\/produktart\/systeme-de-goulottes-de-sol-ufk\/\">D\u00e9couvrir<\/a>\n<\/div><\/div>\n\n<div class=\"gb-grid-column gb-grid-column-32a809fb gb-query-loop-item post-15485 produktart type-produktart status-publish has-post-thumbnail hentry\"><div class=\"gb-container gb-container-32a809fb\" data-aos=\"fade-up\">\n<figure class=\"gb-block-image gb-block-image-5df463e5\"><a href=\"https:\/\/e-in.ch\/fr\/produktart\/goulottes-de-sol-elunica-elu\/\"><img decoding=\"async\" width=\"428\" height=\"321\" src=\"https:\/\/e-in.ch\/wp-content\/uploads\/2025\/07\/Kachel_ELU.gif\" class=\"gb-image-5df463e5\" alt=\"\" \/><\/a><\/figure>\n\n<h2 class=\"gb-headline gb-headline-de6a065c gb-headline-text\"><a href=\"https:\/\/e-in.ch\/fr\/produktart\/goulottes-de-sol-elunica-elu\/\">Goulottes de sol Elunica ELU<\/a><\/h2>\n\n<p class=\"gb-headline gb-headline-914f6b23 gb-headline-text\">Quand le design rencontre la fonctionnalit\u00e9 au sol<\/p>\n\n<a class=\"gb-button gb-button-462ba1f5 gb-button-text\" href=\"https:\/\/e-in.ch\/fr\/produktart\/goulottes-de-sol-elunica-elu\/\">D\u00e9couvrir<\/a>\n<\/div><\/div>\n\n<div class=\"gb-grid-column gb-grid-column-32a809fb gb-query-loop-item post-15539 produktart type-produktart status-publish has-post-thumbnail hentry\"><div class=\"gb-container gb-container-32a809fb\" data-aos=\"fade-up\">\n<figure class=\"gb-block-image gb-block-image-5df463e5\"><a href=\"https:\/\/e-in.ch\/fr\/produktart\/goulottes-de-sol-ubk\/\"><img decoding=\"async\" width=\"428\" height=\"321\" src=\"https:\/\/e-in.ch\/wp-content\/uploads\/2025\/08\/Kachel_UBK.gif\" class=\"gb-image-5df463e5\" alt=\"\" \/><\/a><\/figure>\n\n<h2 class=\"gb-headline gb-headline-de6a065c gb-headline-text\"><a href=\"https:\/\/e-in.ch\/fr\/produktart\/goulottes-de-sol-ubk\/\">Goulottes de sol UBK<\/a><\/h2>\n\n<p class=\"gb-headline gb-headline-914f6b23 gb-headline-text\">Puissant en sous-sol, la solution de goulotte de sol adapt\u00e9e \u00e0 chaque exigence<\/p>\n\n<a class=\"gb-button gb-button-462ba1f5 gb-button-text\" href=\"https:\/\/e-in.ch\/fr\/produktart\/goulottes-de-sol-ubk\/\">D\u00e9couvrir<\/a>\n<\/div><\/div>\n\n<div class=\"gb-grid-column gb-grid-column-32a809fb gb-query-loop-item post-15612 produktart type-produktart status-publish has-post-thumbnail hentry\"><div class=\"gb-container gb-container-32a809fb\" data-aos=\"fade-up\">\n<figure class=\"gb-block-image gb-block-image-5df463e5\"><a href=\"https:\/\/e-in.ch\/fr\/produktart\/sorties-de-plancher-creux-et-sureleve-dbr-et-dbk\/\"><img decoding=\"async\" width=\"428\" height=\"321\" src=\"https:\/\/e-in.ch\/wp-content\/uploads\/2025\/07\/Kachel_DBR_DBK.gif\" class=\"gb-image-5df463e5\" alt=\"\" \/><\/a><\/figure>\n\n<h2 class=\"gb-headline gb-headline-de6a065c gb-headline-text\"><a href=\"https:\/\/e-in.ch\/fr\/produktart\/sorties-de-plancher-creux-et-sureleve-dbr-et-dbk\/\">Sorties de plancher creux et sur\u00e9lev\u00e9 DBR et DBK<\/a><\/h2>\n\n<p class=\"gb-headline gb-headline-914f6b23 gb-headline-text\">Alimentation \u00e9lectrique pr\u00e9cise<\/p>\n\n<a class=\"gb-button gb-button-462ba1f5 gb-button-text\" href=\"https:\/\/e-in.ch\/fr\/produktart\/sorties-de-plancher-creux-et-sureleve-dbr-et-dbk\/\">D\u00e9couvrir<\/a>\n<\/div><\/div>\n\n<div class=\"gb-grid-column gb-grid-column-32a809fb gb-query-loop-item post-15429 produktart type-produktart status-publish has-post-thumbnail hentry\"><div class=\"gb-container gb-container-32a809fb\" data-aos=\"fade-up\">\n<figure class=\"gb-block-image gb-block-image-5df463e5\"><a href=\"https:\/\/e-in.ch\/fr\/produktart\/boites-de-raccordement-et-doubles-dbh-dbv\/\"><img decoding=\"async\" width=\"428\" height=\"321\" src=\"https:\/\/e-in.ch\/wp-content\/uploads\/2025\/07\/Kachel_DBH_DBV.gif\" class=\"gb-image-5df463e5\" alt=\"\" \/><\/a><\/figure>\n\n<h2 class=\"gb-headline gb-headline-de6a065c gb-headline-text\"><a href=\"https:\/\/e-in.ch\/fr\/produktart\/boites-de-raccordement-et-doubles-dbh-dbv\/\">Bo\u00eetes de raccordement et doubles DBH &amp; DBV<\/a><\/h2>\n\n<p class=\"gb-headline gb-headline-914f6b23 gb-headline-text\">Puissance compacte pour le sol<\/p>\n\n<a class=\"gb-button gb-button-462ba1f5 gb-button-text\" href=\"https:\/\/e-in.ch\/fr\/produktart\/boites-de-raccordement-et-doubles-dbh-dbv\/\">D\u00e9couvrir<\/a>\n<\/div><\/div>\n\n<div class=\"gb-grid-column gb-grid-column-32a809fb gb-query-loop-item post-15516 produktart type-produktart status-publish has-post-thumbnail hentry\"><div class=\"gb-container gb-container-32a809fb\" data-aos=\"fade-up\">\n<figure class=\"gb-block-image gb-block-image-5df463e5\"><a href=\"https:\/\/e-in.ch\/fr\/produktart\/goulottes-de-plinthe-bra-brw-brk\/\"><img decoding=\"async\" width=\"428\" height=\"321\" src=\"https:\/\/e-in.ch\/wp-content\/uploads\/2025\/07\/Kachel_BRA_BRW_BRK.gif\" class=\"gb-image-5df463e5\" alt=\"\" \/><\/a><\/figure>\n\n<h2 class=\"gb-headline gb-headline-de6a065c gb-headline-text\"><a href=\"https:\/\/e-in.ch\/fr\/produktart\/goulottes-de-plinthe-bra-brw-brk\/\">Goulottes de plinthe BRA, BRW &amp; BRK<\/a><\/h2>\n\n<p class=\"gb-headline gb-headline-914f6b23 gb-headline-text\">Guidage propre, placement astucieux<\/p>\n\n<a class=\"gb-button gb-button-462ba1f5 gb-button-text\" href=\"https:\/\/e-in.ch\/fr\/produktart\/goulottes-de-plinthe-bra-brw-brk\/\">D\u00e9couvrir<\/a>\n<\/div><\/div>\n\n<div class=\"gb-grid-column gb-grid-column-32a809fb gb-query-loop-item post-15660 produktart type-produktart status-publish has-post-thumbnail hentry\"><div class=\"gb-container gb-container-32a809fb\" data-aos=\"fade-up\">\n<figure class=\"gb-block-image gb-block-image-5df463e5\"><a href=\"https:\/\/e-in.ch\/fr\/produktart\/boitiers-muraux-wad\/\"><img decoding=\"async\" width=\"428\" height=\"321\" src=\"https:\/\/e-in.ch\/wp-content\/uploads\/2025\/07\/Kachel_WAD.gif\" class=\"gb-image-5df463e5\" alt=\"\" \/><\/a><\/figure>\n\n<h2 class=\"gb-headline gb-headline-de6a065c gb-headline-text\"><a href=\"https:\/\/e-in.ch\/fr\/produktart\/boitiers-muraux-wad\/\">Bo\u00eetiers muraux WAD<\/a><\/h2>\n\n<p class=\"gb-headline gb-headline-914f6b23 gb-headline-text\">Int\u00e9gration discr\u00e8te pour une fonctionnalit\u00e9 maximale dans le mur<\/p>\n\n<a class=\"gb-button gb-button-462ba1f5 gb-button-text\" href=\"https:\/\/e-in.ch\/fr\/produktart\/boitiers-muraux-wad\/\">D\u00e9couvrir<\/a>\n<\/div><\/div>\n\n<div class=\"gb-grid-column gb-grid-column-32a809fb gb-query-loop-item post-15592 produktart type-produktart status-publish has-post-thumbnail hentry\"><div class=\"gb-container gb-container-32a809fb\" data-aos=\"fade-up\">\n<figure class=\"gb-block-image gb-block-image-5df463e5\"><a href=\"https:\/\/e-in.ch\/fr\/produktart\/distributeurs-de-medias-mvt\/\"><img decoding=\"async\" width=\"428\" height=\"321\" src=\"https:\/\/e-in.ch\/wp-content\/uploads\/2025\/07\/Kachel_MVT.gif\" class=\"gb-image-5df463e5\" alt=\"\" \/><\/a><\/figure>\n\n<h2 class=\"gb-headline gb-headline-de6a065c gb-headline-text\"><a href=\"https:\/\/e-in.ch\/fr\/produktart\/distributeurs-de-medias-mvt\/\">Distributeurs de m\u00e9dias MVT<\/a><\/h2>\n\n<p class=\"gb-headline gb-headline-914f6b23 gb-headline-text\">L&#8217;interface centrale pour une communication moderne<\/p>\n\n<a class=\"gb-button gb-button-462ba1f5 gb-button-text\" href=\"https:\/\/e-in.ch\/fr\/produktart\/distributeurs-de-medias-mvt\/\">D\u00e9couvrir<\/a>\n<\/div><\/div>\n<\/div>\n\n<\/div><div class=\"gb-container gb-container-1ce57bbc alignfull\">\n<div class=\"gb-container gb-container-d6a1053c\">\n\n<h2 class=\"gb-headline gb-headline-c7115655 gb-headline-text\"><strong>Plus d\u2019informations pour vous :<\/strong><\/h2>\n\n\n<section id=\"digicube-block-6846f220d7fe7\"     class=\"slider-wrapper slider-repeater-section\">\n    \n    <div class=\"slider-repeater-footer\" data-aos=\"fade-up\">\n                                    <div class=\"slide\">\n                    <h3>Inscrivez-vous \u00e0 la newsletter d\u00e8s maintenant !<\/h3>\n                    <p>Nous vous fournissons r\u00e9guli\u00e8rement des informations sur les produits, les nouveaut\u00e9s, les rapports de terrain et bien plus encore.\r\n<\/p>\n                                            <a href=\"https:\/\/e-in.ch\/newsletter\/\" class=\"slider-repeater__button\">\n                            S\u2019INSCRIRE MAINTENANT                        <\/a>\n                                    <\/div>\n                        <\/div>\n\n<\/section>\n\n\n<\/div>\n<\/div>","protected":false},"excerpt":{"rendered":"<p>D\u00e9couvrez notre gamme compl\u00e8te \u2013 parcourez et laissez-vous inspirer en ligne d\u00e8s maintenant ! Plus d\u2019informations pour vous :<\/p>\n","protected":false},"author":1,"featured_media":14711,"parent":0,"menu_order":0,"comment_status":"closed","ping_status":"closed","template":"","meta":{"_acf_changed":false,"inline_featured_image":false,"footnotes":""},"class_list":["post-14707","page","type-page","status-publish","has-post-thumbnail"],"acf":[],"_links":{"self":[{"href":"https:\/\/e-in.ch\/fr\/wp-json\/wp\/v2\/pages\/14707","targetHints":{"allow":["GET"]}}],"collection":[{"href":"https:\/\/e-in.ch\/fr\/wp-json\/wp\/v2\/pages"}],"about":[{"href":"https:\/\/e-in.ch\/fr\/wp-json\/wp\/v2\/types\/page"}],"author":[{"embeddable":true,"href":"https:\/\/e-in.ch\/fr\/wp-json\/wp\/v2\/users\/1"}],"replies":[{"embeddable":true,"href":"https:\/\/e-in.ch\/fr\/wp-json\/wp\/v2\/comments?post=14707"}],"version-history":[{"count":4,"href":"https:\/\/e-in.ch\/fr\/wp-json\/wp\/v2\/pages\/14707\/revisions"}],"predecessor-version":[{"id":14718,"href":"https:\/\/e-in.ch\/fr\/wp-json\/wp\/v2\/pages\/14707\/revisions\/14718"}],"wp:featuredmedia":[{"embeddable":true,"href":"https:\/\/e-in.ch\/fr\/wp-json\/wp\/v2\/media\/14711"}],"wp:attachment":[{"href":"https:\/\/e-in.ch\/fr\/wp-json\/wp\/v2\/media?parent=14707"}],"curies":[{"name":"wp","href":"https:\/\/api.w.org\/{rel}","templated":true}]}}