{"id":14880,"date":"2025-07-18T16:22:02","date_gmt":"2025-07-18T14:22:02","guid":{"rendered":"https:\/\/e-in.ch\/conseil-technique\/"},"modified":"2025-12-23T16:25:15","modified_gmt":"2025-12-23T15:25:15","slug":"conseil-technique","status":"publish","type":"page","link":"https:\/\/e-in.ch\/fr\/conseil-technique\/","title":{"rendered":"Conseil technique"},"content":{"rendered":"<div class=\"gb-container gb-container-3938259c alignfull\">\n<div class=\"gb-container gb-container-3a4661b3 arrow_homepage_absolute\">\n\n<figure class=\"gb-block-image gb-block-image-74d23b6e\"><a href=\"#section2\"><img decoding=\"async\" width=\"41\" height=\"41\" class=\"gb-image gb-image-74d23b6e imageclikcbutton\" src=\"https:\/\/e-in.ch\/wp-content\/uploads\/2025\/06\/Path-143.svg\" alt=\"\"><\/a><\/figure>\n\n<\/div>\n<\/div><div class=\"gb-container gb-container-7018c2ff additional_breadcrumbs\">\n\n\n<\/div>\n<p><\/p>\n\n<h1 class=\"gb-headline gb-headline-9e7015ff gb-headline-text\" data-aos=\"fade-up\">Conseil technique<\/h1>\n<div class=\"gb-container gb-container-af4493cc\">\n<div class=\"gb-grid-wrapper gb-grid-wrapper-37416cf9\" id=\"section2\">\n<div class=\"gb-grid-column gb-grid-column-381eda1c\"><div class=\"gb-container gb-container-381eda1c\">\n\n<p class=\"gb-headline gb-headline-4251874a gb-headline-text\" data-aos=\"fade-up\">Personnel, comp\u00e9tent, ax\u00e9 sur les solutions<\/p>\n\n\n\n<p class=\"gb-headline gb-headline-048b77b7 gb-headline-text\">Chaque projet est unique \u2013 et c\u2019est pr\u00e9cis\u00e9ment pourquoi une bonne solution commence par un conseil \u00e9clair\u00e9. Nos conseillers techniques sont \u00e0 votre disposition pour vous aider \u00e0 trouver la solution produit adapt\u00e9e \u00e0 vos besoins, que ce soit pour le choix de bo\u00eetiers de sol, de sorties murales, de goulottes de plinthe ou de fabrications sp\u00e9ciales. <\/p>\n\n\n\n<p><br\/>Qu\u2019il s\u2019agisse d\u2019une nouvelle construction, d\u2019une transformation ou d\u2019une application sp\u00e9ciale, nous sommes \u00e0 vos c\u00f4t\u00e9s avec notre savoir-faire et vous aidons \u00e0 clarifier les d\u00e9tails techniques, \u00e0 \u00e9valuer les situations de montage et \u00e0 d\u00e9velopper des solutions individuelles. Ensemble, nous v\u00e9rifions la faisabilit\u00e9, le choix des mat\u00e9riaux et la fonctionnalit\u00e9 \u2013 afin que votre installation soit non seulement adapt\u00e9e, mais aussi convaincante. <\/p>\n\n<\/div><\/div>\n<\/div>\n\n\n<hr class=\"wp-block-separator has-text-color has-blue-color has-alpha-channel-opacity has-blue-background-color has-background\"\/>\n\n<\/div><div class=\"gb-container gb-container-94a0d9cd alignfull\">\n\n<figure class=\"gb-block-image gb-block-image-69960062\"><img decoding=\"async\" width=\"1590\" height=\"742\" class=\"gb-image gb-image-69960062\" src=\"https:\/\/e-in.ch\/wp-content\/uploads\/2025\/09\/ortiment-2-Kopie-Kopie.png\" alt=\"\" title=\"ortiment (2) - Copie - Copie\" srcset=\"https:\/\/e-in.ch\/wp-content\/uploads\/2025\/09\/ortiment-2-Kopie-Kopie.png 1590w, https:\/\/e-in.ch\/wp-content\/uploads\/2025\/09\/ortiment-2-Kopie-Kopie-300x140.png 300w, https:\/\/e-in.ch\/wp-content\/uploads\/2025\/09\/ortiment-2-Kopie-Kopie-1024x478.png 1024w, https:\/\/e-in.ch\/wp-content\/uploads\/2025\/09\/ortiment-2-Kopie-Kopie-768x358.png 768w, https:\/\/e-in.ch\/wp-content\/uploads\/2025\/09\/ortiment-2-Kopie-Kopie-1536x717.png 1536w, https:\/\/e-in.ch\/wp-content\/uploads\/2025\/09\/ortiment-2-Kopie-Kopie-600x280.png 600w\" sizes=\"(max-width: 1590px) 100vw, 1590px\" \/><\/figure>\n\n<\/div><div class=\"gb-container gb-container-ed248fa2 alignfull\">\n<div class=\"gb-grid-wrapper gb-grid-wrapper-2c2a3913\">\n<div class=\"gb-grid-column gb-grid-column-f07560b0\"><div class=\"gb-container gb-container-f07560b0\" data-aos=\"fade-up\"><\/div><\/div>\n\n<div class=\"gb-grid-column gb-grid-column-5af6c806\"><div class=\"gb-container gb-container-5af6c806\" data-aos=\"fade-up\">\n\n<p class=\"gb-headline gb-headline-87ea8f45 gb-headline-text\">Profitez de notre expertise \u2013 nous sommes \u00e0 votre enti\u00e8re disposition pour vous conseiller !<\/p>\n\n\n\n<p>Les questions techniques m\u00e9ritent des r\u00e9ponses claires. Qu\u2019il s\u2019agisse de la s\u00e9lection de composants appropri\u00e9s, de la mise en \u0153uvre de solutions individuelles ou de l\u2019\u00e9valuation de situations de montage sp\u00e9ciales, nos experts sont \u00e0 votre disposition pour vous conseiller et vous aider. <\/p>\n\n\n\n<p>Contactez-nous d\u00e8s maintenant \u2013 ensemble, nous trouverons la solution optimale pour votre projet.<br\/>Nous nous r\u00e9jouissons de votre demande et vous soutenons personnellement, avec comp\u00e9tence et de mani\u00e8re cibl\u00e9e.<\/p>\n\n\n\n<a class=\"gb-button gb-button-768dffb8 gb-button-text\" href=\"https:\/\/e-in.ch\/fr\/?page_id=14702\">Contacter maintenant<\/a>\n\n<\/div><\/div>\n<\/div>\n<\/div><div class=\"gb-container gb-container-30df45d7\">\n<div class=\"gb-grid-wrapper gb-grid-wrapper-20026d7a\">\n<div class=\"gb-grid-column gb-grid-column-e9bd90fd\"><div class=\"gb-container gb-container-e9bd90fd\">\n\n<h2 class=\"gb-headline gb-headline-92de707f gb-headline-text\">Laissez-vous inspirer par l\u2019ensemble de notre<br>gamme<\/h2>\n\n<\/div><\/div>\n\n<div class=\"gb-grid-column gb-grid-column-f554c4a6\"><div class=\"gb-container gb-container-f554c4a6\"><a class=\"gb-container-link\" href=\"\/produkte\"><\/a>\n<a class=\"gb-button gb-button-462ba1f5 gb-button-text\" href=\"https:\/\/e-in.ch\/fr\/conseil-technique\/\">TOUT<\/a>\n<\/div><\/div>\n<\/div>\n\n<section id=\"digicube-block-6874dca2282e0\"     class=\"slider-repeater-section\">\n    <div class=\"slider-repeater-produkte\" data-aos=\"fade-up\">\n                <div class=\"slider-produkte__item\">\n            <a href=\"https:\/\/e-in.ch\/fr\/produktart\/boitiers-de-sol-ubd\/\" class=\"slider-produkte__title\">\n                <img decoding=\"async\" width=\"428\" height=\"321\" src=\"https:\/\/e-in.ch\/wp-content\/uploads\/2025\/07\/Kachel_UBD-neu.gif\" class=\"attachment-full size-full\" alt=\"\" \/>            <\/a>\n            <div class=\"content-section-produkte-slider\">\n                                    <h2>\n                        <a href=\"https:\/\/e-in.ch\/fr\/produktart\/boitiers-de-sol-ubd\/\" class=\"slider-produkte__title\">\n                            Bo\u00eetiers de sol UBD                        <\/a>\n                    <\/h2>\n                                                        <div class=\"slider-repeater__description\"> <p>La bo\u00eete de sol intelligente pour les espaces modernes<\/p><\/div>\n                \n                <a href=\"https:\/\/e-in.ch\/fr\/produktart\/boitiers-de-sol-ubd\/\" class=\"slider-produkte__title\">\n                    <button class=\"btn btn-produkte\"> D\u00c9COUVRIR<\/button>\n                    \n                <\/a>\n            <\/div>\n        <\/div>\n                <div class=\"slider-produkte__item\">\n            <a href=\"https:\/\/e-in.ch\/fr\/produktart\/systeme-de-goulottes-de-sol-ufk\/\" class=\"slider-produkte__title\">\n                <img decoding=\"async\" width=\"428\" height=\"321\" src=\"https:\/\/e-in.ch\/wp-content\/uploads\/2025\/07\/Kachel_UFK.gif\" class=\"attachment-full size-full\" alt=\"\" \/>            <\/a>\n            <div class=\"content-section-produkte-slider\">\n                                    <h2>\n                        <a href=\"https:\/\/e-in.ch\/fr\/produktart\/systeme-de-goulottes-de-sol-ufk\/\" class=\"slider-produkte__title\">\n                            Syst\u00e8me de goulottes de sol UFK                        <\/a>\n                    <\/h2>\n                                                        <div class=\"slider-repeater__description\"> <p>La solution stable pour les installations au sol<\/p><\/div>\n                \n                <a href=\"https:\/\/e-in.ch\/fr\/produktart\/systeme-de-goulottes-de-sol-ufk\/\" class=\"slider-produkte__title\">\n                    <button class=\"btn btn-produkte\"> D\u00c9COUVRIR<\/button>\n                    \n                <\/a>\n            <\/div>\n        <\/div>\n                <div class=\"slider-produkte__item\">\n            <a href=\"https:\/\/e-in.ch\/fr\/produktart\/goulottes-de-sol-elunica-elu\/\" class=\"slider-produkte__title\">\n                <img decoding=\"async\" width=\"428\" height=\"321\" src=\"https:\/\/e-in.ch\/wp-content\/uploads\/2025\/07\/Kachel_ELU.gif\" class=\"attachment-full size-full\" alt=\"\" \/>            <\/a>\n            <div class=\"content-section-produkte-slider\">\n                                    <h2>\n                        <a href=\"https:\/\/e-in.ch\/fr\/produktart\/goulottes-de-sol-elunica-elu\/\" class=\"slider-produkte__title\">\n                            Goulottes de sol Elunica ELU                        <\/a>\n                    <\/h2>\n                                                        <div class=\"slider-repeater__description\"> <p>Quand le design rencontre la fonctionnalit\u00e9 au sol<\/p><\/div>\n                \n                <a href=\"https:\/\/e-in.ch\/fr\/produktart\/goulottes-de-sol-elunica-elu\/\" class=\"slider-produkte__title\">\n                    <button class=\"btn btn-produkte\"> D\u00c9COUVRIR<\/button>\n                    \n                <\/a>\n            <\/div>\n        <\/div>\n                <div class=\"slider-produkte__item\">\n            <a href=\"https:\/\/e-in.ch\/fr\/produktart\/goulottes-de-sol-ubk\/\" class=\"slider-produkte__title\">\n                <img decoding=\"async\" width=\"428\" height=\"321\" src=\"https:\/\/e-in.ch\/wp-content\/uploads\/2025\/08\/Kachel_UBK.gif\" class=\"attachment-full size-full\" alt=\"\" \/>            <\/a>\n            <div class=\"content-section-produkte-slider\">\n                                    <h2>\n                        <a href=\"https:\/\/e-in.ch\/fr\/produktart\/goulottes-de-sol-ubk\/\" class=\"slider-produkte__title\">\n                            Goulottes de sol UBK                        <\/a>\n                    <\/h2>\n                                                        <div class=\"slider-repeater__description\"> <p>Puissant en sous-sol, la solution de goulotte de sol adapt\u00e9e \u00e0 chaque exigence<\/p><\/div>\n                \n                <a href=\"https:\/\/e-in.ch\/fr\/produktart\/goulottes-de-sol-ubk\/\" class=\"slider-produkte__title\">\n                    <button class=\"btn btn-produkte\"> D\u00c9COUVRIR<\/button>\n                    \n                <\/a>\n            <\/div>\n        <\/div>\n                <div class=\"slider-produkte__item\">\n            <a href=\"https:\/\/e-in.ch\/fr\/produktart\/sorties-de-plancher-creux-et-sureleve-dbr-et-dbk\/\" class=\"slider-produkte__title\">\n                <img decoding=\"async\" width=\"428\" height=\"321\" src=\"https:\/\/e-in.ch\/wp-content\/uploads\/2025\/07\/Kachel_DBR_DBK.gif\" class=\"attachment-full size-full\" alt=\"\" \/>            <\/a>\n            <div class=\"content-section-produkte-slider\">\n                                    <h2>\n                        <a href=\"https:\/\/e-in.ch\/fr\/produktart\/sorties-de-plancher-creux-et-sureleve-dbr-et-dbk\/\" class=\"slider-produkte__title\">\n                            Sorties de plancher creux et sur\u00e9lev\u00e9 DBR et DBK                        <\/a>\n                    <\/h2>\n                                                        <div class=\"slider-repeater__description\"> <p>Alimentation \u00e9lectrique pr\u00e9cise<\/p><\/div>\n                \n                <a href=\"https:\/\/e-in.ch\/fr\/produktart\/sorties-de-plancher-creux-et-sureleve-dbr-et-dbk\/\" class=\"slider-produkte__title\">\n                    <button class=\"btn btn-produkte\"> D\u00c9COUVRIR<\/button>\n                    \n                <\/a>\n            <\/div>\n        <\/div>\n                <div class=\"slider-produkte__item\">\n            <a href=\"https:\/\/e-in.ch\/fr\/produktart\/boites-de-raccordement-et-doubles-dbh-dbv\/\" class=\"slider-produkte__title\">\n                <img decoding=\"async\" width=\"428\" height=\"321\" src=\"https:\/\/e-in.ch\/wp-content\/uploads\/2025\/07\/Kachel_DBH_DBV.gif\" class=\"attachment-full size-full\" alt=\"\" \/>            <\/a>\n            <div class=\"content-section-produkte-slider\">\n                                    <h2>\n                        <a href=\"https:\/\/e-in.ch\/fr\/produktart\/boites-de-raccordement-et-doubles-dbh-dbv\/\" class=\"slider-produkte__title\">\n                            Bo\u00eetes de raccordement et doubles DBH &amp; DBV                        <\/a>\n                    <\/h2>\n                                                        <div class=\"slider-repeater__description\"> <p>Puissance compacte pour le sol<\/p><\/div>\n                \n                <a href=\"https:\/\/e-in.ch\/fr\/produktart\/boites-de-raccordement-et-doubles-dbh-dbv\/\" class=\"slider-produkte__title\">\n                    <button class=\"btn btn-produkte\"> D\u00c9COUVRIR<\/button>\n                    \n                <\/a>\n            <\/div>\n        <\/div>\n                <div class=\"slider-produkte__item\">\n            <a href=\"https:\/\/e-in.ch\/fr\/produktart\/goulottes-de-plinthe-bra-brw-brk\/\" class=\"slider-produkte__title\">\n                <img decoding=\"async\" width=\"428\" height=\"321\" src=\"https:\/\/e-in.ch\/wp-content\/uploads\/2025\/07\/Kachel_BRA_BRW_BRK.gif\" class=\"attachment-full size-full\" alt=\"\" \/>            <\/a>\n            <div class=\"content-section-produkte-slider\">\n                                    <h2>\n                        <a href=\"https:\/\/e-in.ch\/fr\/produktart\/goulottes-de-plinthe-bra-brw-brk\/\" class=\"slider-produkte__title\">\n                            Goulottes de plinthe BRA, BRW &amp; BRK                        <\/a>\n                    <\/h2>\n                                                        <div class=\"slider-repeater__description\"> <p>Guidage propre, placement astucieux<\/p><\/div>\n                \n                <a href=\"https:\/\/e-in.ch\/fr\/produktart\/goulottes-de-plinthe-bra-brw-brk\/\" class=\"slider-produkte__title\">\n                    <button class=\"btn btn-produkte\"> D\u00c9COUVRIR<\/button>\n                    \n                <\/a>\n            <\/div>\n        <\/div>\n                <div class=\"slider-produkte__item\">\n            <a href=\"https:\/\/e-in.ch\/fr\/produktart\/boitiers-muraux-wad\/\" class=\"slider-produkte__title\">\n                <img decoding=\"async\" width=\"428\" height=\"321\" src=\"https:\/\/e-in.ch\/wp-content\/uploads\/2025\/07\/Kachel_WAD.gif\" class=\"attachment-full size-full\" alt=\"\" \/>            <\/a>\n            <div class=\"content-section-produkte-slider\">\n                                    <h2>\n                        <a href=\"https:\/\/e-in.ch\/fr\/produktart\/boitiers-muraux-wad\/\" class=\"slider-produkte__title\">\n                            Bo\u00eetiers muraux WAD                        <\/a>\n                    <\/h2>\n                                                        <div class=\"slider-repeater__description\"> <p>Int\u00e9gration discr\u00e8te pour une fonctionnalit\u00e9 maximale dans le mur<\/p><\/div>\n                \n                <a href=\"https:\/\/e-in.ch\/fr\/produktart\/boitiers-muraux-wad\/\" class=\"slider-produkte__title\">\n                    <button class=\"btn btn-produkte\"> D\u00c9COUVRIR<\/button>\n                    \n                <\/a>\n            <\/div>\n        <\/div>\n                <div class=\"slider-produkte__item\">\n            <a href=\"https:\/\/e-in.ch\/fr\/produktart\/distributeurs-de-medias-mvt\/\" class=\"slider-produkte__title\">\n                <img decoding=\"async\" width=\"428\" height=\"321\" src=\"https:\/\/e-in.ch\/wp-content\/uploads\/2025\/07\/Kachel_MVT.gif\" class=\"attachment-full size-full\" alt=\"\" \/>            <\/a>\n            <div class=\"content-section-produkte-slider\">\n                                    <h2>\n                        <a href=\"https:\/\/e-in.ch\/fr\/produktart\/distributeurs-de-medias-mvt\/\" class=\"slider-produkte__title\">\n                            Distributeurs de m\u00e9dias MVT                        <\/a>\n                    <\/h2>\n                                                        <div class=\"slider-repeater__description\"> <p>L&#039;interface centrale pour une communication moderne<\/p><\/div>\n                \n                <a href=\"https:\/\/e-in.ch\/fr\/produktart\/distributeurs-de-medias-mvt\/\" class=\"slider-produkte__title\">\n                    <button class=\"btn btn-produkte\"> D\u00c9COUVRIR<\/button>\n                    \n                <\/a>\n            <\/div>\n        <\/div>\n            <\/div>\n<\/section>\n\n<\/div>","protected":false},"excerpt":{"rendered":"<p>Conseil technique<\/p>\n","protected":false},"author":1,"featured_media":0,"parent":0,"menu_order":0,"comment_status":"closed","ping_status":"closed","template":"","meta":{"_acf_changed":false,"inline_featured_image":false,"footnotes":""},"class_list":["post-14880","page","type-page","status-publish"],"acf":[],"_links":{"self":[{"href":"https:\/\/e-in.ch\/fr\/wp-json\/wp\/v2\/pages\/14880","targetHints":{"allow":["GET"]}}],"collection":[{"href":"https:\/\/e-in.ch\/fr\/wp-json\/wp\/v2\/pages"}],"about":[{"href":"https:\/\/e-in.ch\/fr\/wp-json\/wp\/v2\/types\/page"}],"author":[{"embeddable":true,"href":"https:\/\/e-in.ch\/fr\/wp-json\/wp\/v2\/users\/1"}],"replies":[{"embeddable":true,"href":"https:\/\/e-in.ch\/fr\/wp-json\/wp\/v2\/comments?post=14880"}],"version-history":[{"count":2,"href":"https:\/\/e-in.ch\/fr\/wp-json\/wp\/v2\/pages\/14880\/revisions"}],"predecessor-version":[{"id":14898,"href":"https:\/\/e-in.ch\/fr\/wp-json\/wp\/v2\/pages\/14880\/revisions\/14898"}],"wp:attachment":[{"href":"https:\/\/e-in.ch\/fr\/wp-json\/wp\/v2\/media?parent=14880"}],"curies":[{"name":"wp","href":"https:\/\/api.w.org\/{rel}","templated":true}]}}