{"id":14899,"date":"2025-04-24T15:33:32","date_gmt":"2025-04-24T13:33:32","guid":{"rendered":"https:\/\/e-in.ch\/mentions-legales\/"},"modified":"2025-12-23T16:25:21","modified_gmt":"2025-12-23T15:25:21","slug":"mentions-legales","status":"publish","type":"page","link":"https:\/\/e-in.ch\/fr\/mentions-legales\/","title":{"rendered":"Mentions l\u00e9gales"},"content":{"rendered":"<div class=\"gb-container gb-container-c599fa56 text-center--mob alignfull\">\n<div class=\"gb-container gb-container-73bf343a\">\n\n<h1 class=\"gb-headline gb-headline-36d4cc48 gb-headline-text\">Mentions l\u00e9gales<\/h1>\n\n<\/div>\n<\/div>\n<p><strong><em>Adresse de contact<\/em><\/strong><\/p>\n\n<p>e-in ag<br\/>Im Tobel 5<br\/>8340 Hinwil-Hadlikon<br\/>Suisse<\/p>\n\n<p>E-mail : <a href=\"mailto:info@e-in.ch\">info@e-in.ch<\/a><\/p>\n\n<p><strong><em>Personne(s) habilit\u00e9e(s) \u00e0 repr\u00e9senter l\u2019entreprise<\/em><\/strong><\/p>\n\n<p>Antonio Paparo, pr\u00e9sident du conseil d\u2019administration<br\/>Mirella Guidarelli, membre du conseil d\u2019administration<br\/><\/p>\n\n<p><strong><em>Inscription au registre du commerce<\/em><\/strong><\/p>\n\n<p>Nom de l\u2019entreprise enregistr\u00e9 :<br\/><strong>e-in ag<\/strong><br\/><\/p>\n\n<p>Num\u00e9ro d\u2019entreprise (IDE) :<br\/><strong>CHE-109.940.938<\/strong><\/p>\n\n<p>Num\u00e9ro de TVA<br\/><strong>CHE-109.940.938 MWST<\/strong><\/p>\n\n<p><br\/><strong><em>Exclusion de responsabilit\u00e9<\/em><\/strong><\/p>\n\n<p>L\u2019auteur n\u2019assume aucune garantie quant \u00e0 l\u2019exactitude, la pr\u00e9cision, l\u2019actualit\u00e9, la fiabilit\u00e9 et l\u2019exhaustivit\u00e9 des informations.<\/p>\n\n<p>Les droits \u00e0 la responsabilit\u00e9 contre l\u2019auteur en raison de dommages mat\u00e9riels ou immat\u00e9riels r\u00e9sultant de l\u2019acc\u00e8s ou de l\u2019utilisation ou de la non-utilisation des informations publi\u00e9es, de l\u2019utilisation abusive de la connexion ou de d\u00e9fauts techniques sont exclus.<\/p>\n\n<p>Toutes les offres sont sans engagement. L\u2019auteur se r\u00e9serve express\u00e9ment le droit de modifier, de compl\u00e9ter, de supprimer ou d\u2019interrompre temporairement ou d\u00e9finitivement la publication de parties des pages ou de l\u2019ensemble de l\u2019offre, sans avis particulier.<\/p>\n\n<p><br\/><strong><em>Exclusion de responsabilit\u00e9 pour les liens<\/em><\/strong><\/p>\n\n<p>Les r\u00e9f\u00e9rences et les liens vers des sites web de tiers ne rel\u00e8vent pas de notre domaine de responsabilit\u00e9. Toute responsabilit\u00e9 pour de tels sites web est rejet\u00e9e. L\u2019acc\u00e8s \u00e0 ces sites web et leur utilisation se font aux risques et p\u00e9rils de l\u2019utilisateur concern\u00e9.<\/p>\n\n<p><br\/><strong><em>Droits d\u2019auteur<\/em><\/strong><\/p>\n\n<p>Les droits d\u2019auteur et tous les autres droits relatifs aux contenus, illustrations, photos ou autres fichiers pr\u00e9sents sur ce site web appartiennent exclusivement <strong>\u00e0 la soci\u00e9t\u00e9 e-in ag<\/strong> ou aux d\u00e9tenteurs de droits sp\u00e9cialement nomm\u00e9s. Le consentement \u00e9crit du d\u00e9tenteur des droits d\u2019auteur doit \u00eatre obtenu au pr\u00e9alable pour la reproduction de tout \u00e9l\u00e9ment.<\/p>\n","protected":false},"excerpt":{"rendered":"<p>Mentions l\u00e9gales Adresse de contact e-in agIm Tobel 58340 Hinwil-HadlikonSuisse E-mail : info@e-in.ch Personne(s) habilit\u00e9e(s) \u00e0 repr\u00e9senter l\u2019entreprise Antonio Paparo, pr\u00e9sident du conseil d\u2019administrationMirella Guidarelli, membre du conseil d\u2019administration Inscription au registre du commerce Nom de l\u2019entreprise enregistr\u00e9 :e-in ag Num\u00e9ro d\u2019entreprise (IDE) :CHE-109.940.938 Num\u00e9ro de TVACHE-109.940.938 MWST Exclusion de responsabilit\u00e9 L\u2019auteur n\u2019assume aucune garantie &#8230; <a title=\"Mentions l\u00e9gales\" class=\"read-more\" href=\"https:\/\/e-in.ch\/fr\/mentions-legales\/\" aria-label=\"En savoir plus sur Mentions l\u00e9gales\">Read more<\/a><\/p>\n","protected":false},"author":1,"featured_media":0,"parent":0,"menu_order":0,"comment_status":"closed","ping_status":"closed","template":"","meta":{"_acf_changed":false,"inline_featured_image":false,"footnotes":""},"class_list":["post-14899","page","type-page","status-publish"],"acf":[],"_links":{"self":[{"href":"https:\/\/e-in.ch\/fr\/wp-json\/wp\/v2\/pages\/14899","targetHints":{"allow":["GET"]}}],"collection":[{"href":"https:\/\/e-in.ch\/fr\/wp-json\/wp\/v2\/pages"}],"about":[{"href":"https:\/\/e-in.ch\/fr\/wp-json\/wp\/v2\/types\/page"}],"author":[{"embeddable":true,"href":"https:\/\/e-in.ch\/fr\/wp-json\/wp\/v2\/users\/1"}],"replies":[{"embeddable":true,"href":"https:\/\/e-in.ch\/fr\/wp-json\/wp\/v2\/comments?post=14899"}],"version-history":[{"count":2,"href":"https:\/\/e-in.ch\/fr\/wp-json\/wp\/v2\/pages\/14899\/revisions"}],"predecessor-version":[{"id":14904,"href":"https:\/\/e-in.ch\/fr\/wp-json\/wp\/v2\/pages\/14899\/revisions\/14904"}],"wp:attachment":[{"href":"https:\/\/e-in.ch\/fr\/wp-json\/wp\/v2\/media?parent=14899"}],"curies":[{"name":"wp","href":"https:\/\/api.w.org\/{rel}","templated":true}]}}