{"id":4129,"date":"2025-03-11T14:24:07","date_gmt":"2025-03-11T13:24:07","guid":{"rendered":"https:\/\/e-in.ch\/product\/ubd-001-095-nivellierschrauben-laenge-95mm-2\/"},"modified":"2026-04-18T02:54:14","modified_gmt":"2026-04-18T00:54:14","slug":"ubd-001-095-nivellierschrauben-laenge-95mm-2","status":"publish","type":"product","link":"https:\/\/e-in.ch\/fr\/product\/ubd-001-095-nivellierschrauben-laenge-95mm-2\/","title":{"rendered":"UBD 001 095  &#8211;  Nivellierschrauben L\u00e4nge 95mm"},"content":{"rendered":"<p>Set \u00e0 4 St\u00fcck f\u00fcr UBD 100 bis UBD 210<\/p>\n<p>Bodenaufbauh\u00f6he von Roh- bis Fertigboden:<br \/>&#8211; (UBD 100, 15mm Vertiefung): min. 129mm, max. 192mm<br \/>&#8211; (UBD 130, 15mm Vertiefung): min. 129mm, max. 181mm<br \/>&#8211; (UBD 160, 15mm Vertiefung): min. 128mm, max. 186mm<br \/>&#8211; (UBD 160 small, 15mm Vertiefung): min. 128mm, max. 152mm<br \/>&#8211; (UBD 210, 15mm Vertiefung): min. 128mm, max. 184mm<br \/>&#8211; (UBD 210 small, 15mm Vertiefung): min. 122mm, max. 152mm<\/p>\n","protected":false},"excerpt":{"rendered":"<p>Set \u00e0 4 St\u00fcck f\u00fcr UBD 100 bis UBD 210 Bodenaufbauh\u00f6he von Roh- bis Fertigboden:&#8211; (UBD 100, 15mm Vertiefung): min. 129mm, max. 192mm&#8211; (UBD 130, 15mm Vertiefung): min. 129mm, max. 181mm&#8211; (UBD 160, 15mm Vertiefung): min. 128mm, max. 186mm&#8211; (UBD 160 small, 15mm Vertiefung): min. 128mm, max. 152mm&#8211; (UBD 210, 15mm Vertiefung): min. 128mm, max. &#8230; <a title=\"UBD 001 095  &#8211;  Nivellierschrauben L\u00e4nge 95mm\" class=\"read-more\" href=\"https:\/\/e-in.ch\/fr\/product\/ubd-001-095-nivellierschrauben-laenge-95mm-2\/\" aria-label=\"En savoir plus sur UBD 001 095  &#8211;  Nivellierschrauben L\u00e4nge 95mm\">Read more<\/a><\/p>\n","protected":false},"featured_media":14039,"template":"","meta":{"_acf_changed":false,"inline_featured_image":false,"wds_primary_product_brand":0,"wds_primary_product_cat":0},"anzahl-der-zuege":[],"anzahl-flf-plaetze":[],"anzahl-module":[],"ausfuehrung":[],"auslass":[],"belastung":[],"deckel":[],"farbe":[],"form-dbr-dbk":[],"geeignet-fuer":[],"groesse-der-dose":[136,124,140,141,125,129],"farbe--material":[193],"mindestaufbauhohe-flf":[],"modul-geschirmt":[],"montageart":[],"mvt-kategorie":[],"varianten-fuer-elu--dbh-dbv":[],"vertiefung-im-deckel":[],"product_brand":[],"product_cat":[278,1978,1979,1980,1981,1982,1983,2330],"product_tag":[],"class_list":{"0":"post-4129","1":"product","2":"type-product","3":"status-publish","4":"has-post-thumbnail","6":"groesse-der-dose-ubd-100","7":"groesse-der-dose-ubd-130","8":"groesse-der-dose-ubd-160","9":"groesse-der-dose-ubd-160-small","10":"groesse-der-dose-ubd-210","11":"groesse-der-dose-ubd-210-small","12":"farbe--material-stahl-verzinkt","13":"product_cat-1-unterflur-bodendosen-ubd","14":"product_cat-unterflur-bodendosen-ubd-100","15":"product_cat-unterflur-bodendosen-ubd-130","16":"product_cat-unterflur-bodendosen-ubd-160","17":"product_cat-unterflur-bodendosen-ubd-160-small","18":"product_cat-unterflur-bodendosen-ubd-210","19":"product_cat-unterflur-bodendosen-ubd-210-small","20":"product_cat-unterflur-bodendosen-zubehoer","21":"sales-flash-overlay","22":"woocommerce-text-align-center","23":"woocommerce-image-align-center","24":"do-quantity-buttons","25":"wc-has-gallery","27":"first","28":"instock","29":"taxable","30":"shipping-taxable","31":"purchasable","32":"product-type-simple"},"acf":[],"_links":{"self":[{"href":"https:\/\/e-in.ch\/fr\/wp-json\/wp\/v2\/product\/4129","targetHints":{"allow":["GET"]}}],"collection":[{"href":"https:\/\/e-in.ch\/fr\/wp-json\/wp\/v2\/product"}],"about":[{"href":"https:\/\/e-in.ch\/fr\/wp-json\/wp\/v2\/types\/product"}],"wp:featuredmedia":[{"embeddable":true,"href":"https:\/\/e-in.ch\/fr\/wp-json\/wp\/v2\/media\/14039"}],"wp:attachment":[{"href":"https:\/\/e-in.ch\/fr\/wp-json\/wp\/v2\/media?parent=4129"}],"wp:term":[{"taxonomy":"anzahl-der-zuege","embeddable":true,"href":"https:\/\/e-in.ch\/fr\/wp-json\/wp\/v2\/anzahl-der-zuege?post=4129"},{"taxonomy":"anzahl-flf-plaetze","embeddable":true,"href":"https:\/\/e-in.ch\/fr\/wp-json\/wp\/v2\/anzahl-flf-plaetze?post=4129"},{"taxonomy":"anzahl-module","embeddable":true,"href":"https:\/\/e-in.ch\/fr\/wp-json\/wp\/v2\/anzahl-module?post=4129"},{"taxonomy":"ausfuehrung","embeddable":true,"href":"https:\/\/e-in.ch\/fr\/wp-json\/wp\/v2\/ausfuehrung?post=4129"},{"taxonomy":"auslass","embeddable":true,"href":"https:\/\/e-in.ch\/fr\/wp-json\/wp\/v2\/auslass?post=4129"},{"taxonomy":"belastung","embeddable":true,"href":"https:\/\/e-in.ch\/fr\/wp-json\/wp\/v2\/belastung?post=4129"},{"taxonomy":"deckel","embeddable":true,"href":"https:\/\/e-in.ch\/fr\/wp-json\/wp\/v2\/deckel?post=4129"},{"taxonomy":"farbe","embeddable":true,"href":"https:\/\/e-in.ch\/fr\/wp-json\/wp\/v2\/farbe?post=4129"},{"taxonomy":"form-dbr-dbk","embeddable":true,"href":"https:\/\/e-in.ch\/fr\/wp-json\/wp\/v2\/form-dbr-dbk?post=4129"},{"taxonomy":"geeignet-fuer","embeddable":true,"href":"https:\/\/e-in.ch\/fr\/wp-json\/wp\/v2\/geeignet-fuer?post=4129"},{"taxonomy":"groesse-der-dose","embeddable":true,"href":"https:\/\/e-in.ch\/fr\/wp-json\/wp\/v2\/groesse-der-dose?post=4129"},{"taxonomy":"farbe--material","embeddable":true,"href":"https:\/\/e-in.ch\/fr\/wp-json\/wp\/v2\/farbe--material?post=4129"},{"taxonomy":"mindestaufbauhohe-flf","embeddable":true,"href":"https:\/\/e-in.ch\/fr\/wp-json\/wp\/v2\/mindestaufbauhohe-flf?post=4129"},{"taxonomy":"modul-geschirmt","embeddable":true,"href":"https:\/\/e-in.ch\/fr\/wp-json\/wp\/v2\/modul-geschirmt?post=4129"},{"taxonomy":"montageart","embeddable":true,"href":"https:\/\/e-in.ch\/fr\/wp-json\/wp\/v2\/montageart?post=4129"},{"taxonomy":"mvt-kategorie","embeddable":true,"href":"https:\/\/e-in.ch\/fr\/wp-json\/wp\/v2\/mvt-kategorie?post=4129"},{"taxonomy":"varianten-fuer-elu--dbh-dbv","embeddable":true,"href":"https:\/\/e-in.ch\/fr\/wp-json\/wp\/v2\/varianten-fuer-elu--dbh-dbv?post=4129"},{"taxonomy":"vertiefung-im-deckel","embeddable":true,"href":"https:\/\/e-in.ch\/fr\/wp-json\/wp\/v2\/vertiefung-im-deckel?post=4129"},{"taxonomy":"product_brand","embeddable":true,"href":"https:\/\/e-in.ch\/fr\/wp-json\/wp\/v2\/product_brand?post=4129"},{"taxonomy":"product_cat","embeddable":true,"href":"https:\/\/e-in.ch\/fr\/wp-json\/wp\/v2\/product_cat?post=4129"},{"taxonomy":"product_tag","embeddable":true,"href":"https:\/\/e-in.ch\/fr\/wp-json\/wp\/v2\/product_tag?post=4129"}],"curies":[{"name":"wp","href":"https:\/\/api.w.org\/{rel}","templated":true}]}}