{"id":4218,"date":"2025-03-11T14:24:42","date_gmt":"2025-03-11T13:24:42","guid":{"rendered":"https:\/\/e-in.ch\/product\/ubd-167-052-unterflur-bodendose-ubd-160-small-inkl-deckel-flach-svz-ohne-kante-5mm-vertiefung-und-1-buerstenauslass\/"},"modified":"2026-04-19T02:52:09","modified_gmt":"2026-04-19T00:52:09","slug":"ubd-167-052-unterflur-bodendose-ubd-160-small-inkl-deckel-flach-svz-ohne-kante-5mm-vertiefung-und-1-buerstenauslass","status":"publish","type":"product","link":"https:\/\/e-in.ch\/fr\/product\/ubd-167-052-unterflur-bodendose-ubd-160-small-inkl-deckel-flach-svz-ohne-kante-5mm-vertiefung-und-1-buerstenauslass\/","title":{"rendered":"UBD 167 052  &#8211;  Unterflur-Bodendose UBD 160 small inkl. Deckel, flach (SVZ), ohne Kante, 5mm Vertiefung und 1 B\u00fcrstenauslass"},"content":{"rendered":"<p>Mindestbodenaufbauh\u00f6he von Roh- bis Fertigboden bei:<br \/>&#8211; (2 FLF): 72mm<br \/>&#8211; (45&#215;45-Ausschnitt): 75mm<\/p>\n<p>Nicht geeignet f\u00fcr Fl\u00fcssigb\u00f6den!<\/p>\n","protected":false},"excerpt":{"rendered":"<p>Mindestbodenaufbauh\u00f6he von Roh- bis Fertigboden bei:&#8211; (2 FLF): 72mm&#8211; (45&#215;45-Ausschnitt): 75mm Nicht geeignet f\u00fcr Fl\u00fcssigb\u00f6den!<\/p>\n","protected":false},"featured_media":13533,"template":"","meta":{"_acf_changed":false,"inline_featured_image":false,"wds_primary_product_brand":0,"wds_primary_product_cat":0},"anzahl-der-zuege":[],"anzahl-flf-plaetze":[118],"anzahl-module":[],"ausfuehrung":[],"auslass":[123],"belastung":[134],"deckel":[],"farbe":[],"form-dbr-dbk":[],"geeignet-fuer":[135],"groesse-der-dose":[141],"farbe--material":[126,143],"mindestaufbauhohe-flf":[209],"modul-geschirmt":[],"montageart":[],"mvt-kategorie":[],"varianten-fuer-elu--dbh-dbv":[],"vertiefung-im-deckel":[174],"product_brand":[],"product_cat":[278,1981],"product_tag":[93],"class_list":{"0":"post-4218","1":"product","2":"type-product","3":"status-publish","4":"has-post-thumbnail","6":"anzahl-flf-plaetze-118","7":"auslass-1-buerstenauslass","8":"belastung-bis-500-kg","9":"geeignet-fuer-wohnungsbau-buero","10":"groesse-der-dose-ubd-160-small","11":"farbe--material-chromstahl","12":"farbe--material-svz","13":"mindestaufbauhohe-flf-209","14":"vertiefung-im-deckel-5-mm","15":"product_cat-1-unterflur-bodendosen-ubd","16":"product_cat-unterflur-bodendosen-ubd-160-small","17":"product_tag-fuer-den-wohnungsbau","18":"sales-flash-overlay","19":"woocommerce-text-align-center","20":"woocommerce-image-align-center","21":"do-quantity-buttons","22":"wc-has-gallery","24":"first","25":"instock","26":"taxable","27":"shipping-taxable","28":"purchasable","29":"product-type-simple"},"acf":[],"_links":{"self":[{"href":"https:\/\/e-in.ch\/fr\/wp-json\/wp\/v2\/product\/4218","targetHints":{"allow":["GET"]}}],"collection":[{"href":"https:\/\/e-in.ch\/fr\/wp-json\/wp\/v2\/product"}],"about":[{"href":"https:\/\/e-in.ch\/fr\/wp-json\/wp\/v2\/types\/product"}],"wp:featuredmedia":[{"embeddable":true,"href":"https:\/\/e-in.ch\/fr\/wp-json\/wp\/v2\/media\/13533"}],"wp:attachment":[{"href":"https:\/\/e-in.ch\/fr\/wp-json\/wp\/v2\/media?parent=4218"}],"wp:term":[{"taxonomy":"anzahl-der-zuege","embeddable":true,"href":"https:\/\/e-in.ch\/fr\/wp-json\/wp\/v2\/anzahl-der-zuege?post=4218"},{"taxonomy":"anzahl-flf-plaetze","embeddable":true,"href":"https:\/\/e-in.ch\/fr\/wp-json\/wp\/v2\/anzahl-flf-plaetze?post=4218"},{"taxonomy":"anzahl-module","embeddable":true,"href":"https:\/\/e-in.ch\/fr\/wp-json\/wp\/v2\/anzahl-module?post=4218"},{"taxonomy":"ausfuehrung","embeddable":true,"href":"https:\/\/e-in.ch\/fr\/wp-json\/wp\/v2\/ausfuehrung?post=4218"},{"taxonomy":"auslass","embeddable":true,"href":"https:\/\/e-in.ch\/fr\/wp-json\/wp\/v2\/auslass?post=4218"},{"taxonomy":"belastung","embeddable":true,"href":"https:\/\/e-in.ch\/fr\/wp-json\/wp\/v2\/belastung?post=4218"},{"taxonomy":"deckel","embeddable":true,"href":"https:\/\/e-in.ch\/fr\/wp-json\/wp\/v2\/deckel?post=4218"},{"taxonomy":"farbe","embeddable":true,"href":"https:\/\/e-in.ch\/fr\/wp-json\/wp\/v2\/farbe?post=4218"},{"taxonomy":"form-dbr-dbk","embeddable":true,"href":"https:\/\/e-in.ch\/fr\/wp-json\/wp\/v2\/form-dbr-dbk?post=4218"},{"taxonomy":"geeignet-fuer","embeddable":true,"href":"https:\/\/e-in.ch\/fr\/wp-json\/wp\/v2\/geeignet-fuer?post=4218"},{"taxonomy":"groesse-der-dose","embeddable":true,"href":"https:\/\/e-in.ch\/fr\/wp-json\/wp\/v2\/groesse-der-dose?post=4218"},{"taxonomy":"farbe--material","embeddable":true,"href":"https:\/\/e-in.ch\/fr\/wp-json\/wp\/v2\/farbe--material?post=4218"},{"taxonomy":"mindestaufbauhohe-flf","embeddable":true,"href":"https:\/\/e-in.ch\/fr\/wp-json\/wp\/v2\/mindestaufbauhohe-flf?post=4218"},{"taxonomy":"modul-geschirmt","embeddable":true,"href":"https:\/\/e-in.ch\/fr\/wp-json\/wp\/v2\/modul-geschirmt?post=4218"},{"taxonomy":"montageart","embeddable":true,"href":"https:\/\/e-in.ch\/fr\/wp-json\/wp\/v2\/montageart?post=4218"},{"taxonomy":"mvt-kategorie","embeddable":true,"href":"https:\/\/e-in.ch\/fr\/wp-json\/wp\/v2\/mvt-kategorie?post=4218"},{"taxonomy":"varianten-fuer-elu--dbh-dbv","embeddable":true,"href":"https:\/\/e-in.ch\/fr\/wp-json\/wp\/v2\/varianten-fuer-elu--dbh-dbv?post=4218"},{"taxonomy":"vertiefung-im-deckel","embeddable":true,"href":"https:\/\/e-in.ch\/fr\/wp-json\/wp\/v2\/vertiefung-im-deckel?post=4218"},{"taxonomy":"product_brand","embeddable":true,"href":"https:\/\/e-in.ch\/fr\/wp-json\/wp\/v2\/product_brand?post=4218"},{"taxonomy":"product_cat","embeddable":true,"href":"https:\/\/e-in.ch\/fr\/wp-json\/wp\/v2\/product_cat?post=4218"},{"taxonomy":"product_tag","embeddable":true,"href":"https:\/\/e-in.ch\/fr\/wp-json\/wp\/v2\/product_tag?post=4218"}],"curies":[{"name":"wp","href":"https:\/\/api.w.org\/{rel}","templated":true}]}}