{"id":4247,"date":"2025-03-11T14:24:55","date_gmt":"2025-03-11T13:24:55","guid":{"rendered":"https:\/\/e-in.ch\/product\/ubd-212-052-unterflur-bodendose-ubd-210-inkl-deckel-flach-svz-ohne-kante-5mm-vertiefung-und-1-buerstenauslass\/"},"modified":"2026-04-19T02:52:18","modified_gmt":"2026-04-19T00:52:18","slug":"ubd-212-052-unterflur-bodendose-ubd-210-inkl-deckel-flach-svz-ohne-kante-5mm-vertiefung-und-1-buerstenauslass","status":"publish","type":"product","link":"https:\/\/e-in.ch\/fr\/product\/ubd-212-052-unterflur-bodendose-ubd-210-inkl-deckel-flach-svz-ohne-kante-5mm-vertiefung-und-1-buerstenauslass\/","title":{"rendered":"UBD 212 052  &#8211;  Unterflur-Bodendose UBD 210 inkl. Deckel, flach (SVZ), ohne Kante, 5mm Vertiefung und 1 B\u00fcrstenauslass"},"content":{"rendered":"<p>Mindestbodenaufbauh\u00f6he von Roh- bis Fertigboden:<br \/>&#8211; (6 FLF): 104mm<\/p>\n<p>Nicht geeignet f\u00fcr Fl\u00fcssigb\u00f6den!<\/p>\n","protected":false},"excerpt":{"rendered":"<p>Mindestbodenaufbauh\u00f6he von Roh- bis Fertigboden:&#8211; (6 FLF): 104mm Nicht geeignet f\u00fcr Fl\u00fcssigb\u00f6den!<\/p>\n","protected":false},"featured_media":13561,"template":"","meta":{"_acf_changed":false,"inline_featured_image":false,"wds_primary_product_brand":0,"wds_primary_product_cat":0},"anzahl-der-zuege":[],"anzahl-flf-plaetze":[119],"anzahl-module":[],"ausfuehrung":[],"auslass":[123],"belastung":[134],"deckel":[],"farbe":[],"form-dbr-dbk":[],"geeignet-fuer":[135],"groesse-der-dose":[125],"farbe--material":[126,143],"mindestaufbauhohe-flf":[196],"modul-geschirmt":[],"montageart":[],"mvt-kategorie":[],"varianten-fuer-elu--dbh-dbv":[],"vertiefung-im-deckel":[174],"product_brand":[],"product_cat":[278,1982],"product_tag":[93],"class_list":{"0":"post-4247","1":"product","2":"type-product","3":"status-publish","4":"has-post-thumbnail","6":"anzahl-flf-plaetze-119","7":"auslass-1-buerstenauslass","8":"belastung-bis-500-kg","9":"geeignet-fuer-wohnungsbau-buero","10":"groesse-der-dose-ubd-210","11":"farbe--material-chromstahl","12":"farbe--material-svz","13":"mindestaufbauhohe-flf-196","14":"vertiefung-im-deckel-5-mm","15":"product_cat-1-unterflur-bodendosen-ubd","16":"product_cat-unterflur-bodendosen-ubd-210","17":"product_tag-fuer-den-wohnungsbau","18":"sales-flash-overlay","19":"woocommerce-text-align-center","20":"woocommerce-image-align-center","21":"do-quantity-buttons","22":"wc-has-gallery","24":"first","25":"instock","26":"taxable","27":"shipping-taxable","28":"purchasable","29":"product-type-simple"},"acf":[],"_links":{"self":[{"href":"https:\/\/e-in.ch\/fr\/wp-json\/wp\/v2\/product\/4247","targetHints":{"allow":["GET"]}}],"collection":[{"href":"https:\/\/e-in.ch\/fr\/wp-json\/wp\/v2\/product"}],"about":[{"href":"https:\/\/e-in.ch\/fr\/wp-json\/wp\/v2\/types\/product"}],"wp:featuredmedia":[{"embeddable":true,"href":"https:\/\/e-in.ch\/fr\/wp-json\/wp\/v2\/media\/13561"}],"wp:attachment":[{"href":"https:\/\/e-in.ch\/fr\/wp-json\/wp\/v2\/media?parent=4247"}],"wp:term":[{"taxonomy":"anzahl-der-zuege","embeddable":true,"href":"https:\/\/e-in.ch\/fr\/wp-json\/wp\/v2\/anzahl-der-zuege?post=4247"},{"taxonomy":"anzahl-flf-plaetze","embeddable":true,"href":"https:\/\/e-in.ch\/fr\/wp-json\/wp\/v2\/anzahl-flf-plaetze?post=4247"},{"taxonomy":"anzahl-module","embeddable":true,"href":"https:\/\/e-in.ch\/fr\/wp-json\/wp\/v2\/anzahl-module?post=4247"},{"taxonomy":"ausfuehrung","embeddable":true,"href":"https:\/\/e-in.ch\/fr\/wp-json\/wp\/v2\/ausfuehrung?post=4247"},{"taxonomy":"auslass","embeddable":true,"href":"https:\/\/e-in.ch\/fr\/wp-json\/wp\/v2\/auslass?post=4247"},{"taxonomy":"belastung","embeddable":true,"href":"https:\/\/e-in.ch\/fr\/wp-json\/wp\/v2\/belastung?post=4247"},{"taxonomy":"deckel","embeddable":true,"href":"https:\/\/e-in.ch\/fr\/wp-json\/wp\/v2\/deckel?post=4247"},{"taxonomy":"farbe","embeddable":true,"href":"https:\/\/e-in.ch\/fr\/wp-json\/wp\/v2\/farbe?post=4247"},{"taxonomy":"form-dbr-dbk","embeddable":true,"href":"https:\/\/e-in.ch\/fr\/wp-json\/wp\/v2\/form-dbr-dbk?post=4247"},{"taxonomy":"geeignet-fuer","embeddable":true,"href":"https:\/\/e-in.ch\/fr\/wp-json\/wp\/v2\/geeignet-fuer?post=4247"},{"taxonomy":"groesse-der-dose","embeddable":true,"href":"https:\/\/e-in.ch\/fr\/wp-json\/wp\/v2\/groesse-der-dose?post=4247"},{"taxonomy":"farbe--material","embeddable":true,"href":"https:\/\/e-in.ch\/fr\/wp-json\/wp\/v2\/farbe--material?post=4247"},{"taxonomy":"mindestaufbauhohe-flf","embeddable":true,"href":"https:\/\/e-in.ch\/fr\/wp-json\/wp\/v2\/mindestaufbauhohe-flf?post=4247"},{"taxonomy":"modul-geschirmt","embeddable":true,"href":"https:\/\/e-in.ch\/fr\/wp-json\/wp\/v2\/modul-geschirmt?post=4247"},{"taxonomy":"montageart","embeddable":true,"href":"https:\/\/e-in.ch\/fr\/wp-json\/wp\/v2\/montageart?post=4247"},{"taxonomy":"mvt-kategorie","embeddable":true,"href":"https:\/\/e-in.ch\/fr\/wp-json\/wp\/v2\/mvt-kategorie?post=4247"},{"taxonomy":"varianten-fuer-elu--dbh-dbv","embeddable":true,"href":"https:\/\/e-in.ch\/fr\/wp-json\/wp\/v2\/varianten-fuer-elu--dbh-dbv?post=4247"},{"taxonomy":"vertiefung-im-deckel","embeddable":true,"href":"https:\/\/e-in.ch\/fr\/wp-json\/wp\/v2\/vertiefung-im-deckel?post=4247"},{"taxonomy":"product_brand","embeddable":true,"href":"https:\/\/e-in.ch\/fr\/wp-json\/wp\/v2\/product_brand?post=4247"},{"taxonomy":"product_cat","embeddable":true,"href":"https:\/\/e-in.ch\/fr\/wp-json\/wp\/v2\/product_cat?post=4247"},{"taxonomy":"product_tag","embeddable":true,"href":"https:\/\/e-in.ch\/fr\/wp-json\/wp\/v2\/product_tag?post=4247"}],"curies":[{"name":"wp","href":"https:\/\/api.w.org\/{rel}","templated":true}]}}