{"id":4447,"date":"2025-04-01T18:03:20","date_gmt":"2025-04-01T16:03:20","guid":{"rendered":"https:\/\/e-in.ch\/product\/ubd-001-002-trittschall-unterlage-3mm-2\/"},"modified":"2026-04-19T02:51:49","modified_gmt":"2026-04-19T00:51:49","slug":"ubd-001-002-trittschall-unterlage-3mm-2","status":"publish","type":"product","link":"https:\/\/e-in.ch\/fr\/product\/ubd-001-002-trittschall-unterlage-3mm-2\/","title":{"rendered":"UBD 001 002  &#8211;  Trittschall-Unterlage, 3mm"},"content":{"rendered":"<p>f\u00fcr Kunststoff-Einbaubox zu Unterflur-Bodendosen UBD 100, 130, 160 und 210<\/p>\n<p>Set \u00e0 4 St\u00fcck<\/p>\n","protected":false},"excerpt":{"rendered":"<p>f\u00fcr Kunststoff-Einbaubox zu Unterflur-Bodendosen UBD 100, 130, 160 und 210 Set \u00e0 4 St\u00fcck<\/p>\n","protected":false},"featured_media":14028,"template":"","meta":{"_acf_changed":false,"inline_featured_image":false,"wds_primary_product_brand":0,"wds_primary_product_cat":0},"anzahl-der-zuege":[],"anzahl-flf-plaetze":[],"anzahl-module":[],"ausfuehrung":[],"auslass":[],"belastung":[],"deckel":[],"farbe":[],"form-dbr-dbk":[],"geeignet-fuer":[],"groesse-der-dose":[136,124,140,141,125,129],"farbe--material":[],"mindestaufbauhohe-flf":[],"modul-geschirmt":[],"montageart":[],"mvt-kategorie":[],"varianten-fuer-elu--dbh-dbv":[],"vertiefung-im-deckel":[],"product_brand":[],"product_cat":[278,1978,1979,1980,1981,1982,1983,2330],"product_tag":[],"class_list":{"0":"post-4447","1":"product","2":"type-product","3":"status-publish","4":"has-post-thumbnail","6":"groesse-der-dose-ubd-100","7":"groesse-der-dose-ubd-130","8":"groesse-der-dose-ubd-160","9":"groesse-der-dose-ubd-160-small","10":"groesse-der-dose-ubd-210","11":"groesse-der-dose-ubd-210-small","12":"product_cat-1-unterflur-bodendosen-ubd","13":"product_cat-unterflur-bodendosen-ubd-100","14":"product_cat-unterflur-bodendosen-ubd-130","15":"product_cat-unterflur-bodendosen-ubd-160","16":"product_cat-unterflur-bodendosen-ubd-160-small","17":"product_cat-unterflur-bodendosen-ubd-210","18":"product_cat-unterflur-bodendosen-ubd-210-small","19":"product_cat-unterflur-bodendosen-zubehoer","20":"sales-flash-overlay","21":"woocommerce-text-align-center","22":"woocommerce-image-align-center","23":"do-quantity-buttons","24":"wc-has-gallery","26":"first","27":"instock","28":"taxable","29":"shipping-taxable","30":"purchasable","31":"product-type-simple"},"acf":[],"_links":{"self":[{"href":"https:\/\/e-in.ch\/fr\/wp-json\/wp\/v2\/product\/4447","targetHints":{"allow":["GET"]}}],"collection":[{"href":"https:\/\/e-in.ch\/fr\/wp-json\/wp\/v2\/product"}],"about":[{"href":"https:\/\/e-in.ch\/fr\/wp-json\/wp\/v2\/types\/product"}],"wp:featuredmedia":[{"embeddable":true,"href":"https:\/\/e-in.ch\/fr\/wp-json\/wp\/v2\/media\/14028"}],"wp:attachment":[{"href":"https:\/\/e-in.ch\/fr\/wp-json\/wp\/v2\/media?parent=4447"}],"wp:term":[{"taxonomy":"anzahl-der-zuege","embeddable":true,"href":"https:\/\/e-in.ch\/fr\/wp-json\/wp\/v2\/anzahl-der-zuege?post=4447"},{"taxonomy":"anzahl-flf-plaetze","embeddable":true,"href":"https:\/\/e-in.ch\/fr\/wp-json\/wp\/v2\/anzahl-flf-plaetze?post=4447"},{"taxonomy":"anzahl-module","embeddable":true,"href":"https:\/\/e-in.ch\/fr\/wp-json\/wp\/v2\/anzahl-module?post=4447"},{"taxonomy":"ausfuehrung","embeddable":true,"href":"https:\/\/e-in.ch\/fr\/wp-json\/wp\/v2\/ausfuehrung?post=4447"},{"taxonomy":"auslass","embeddable":true,"href":"https:\/\/e-in.ch\/fr\/wp-json\/wp\/v2\/auslass?post=4447"},{"taxonomy":"belastung","embeddable":true,"href":"https:\/\/e-in.ch\/fr\/wp-json\/wp\/v2\/belastung?post=4447"},{"taxonomy":"deckel","embeddable":true,"href":"https:\/\/e-in.ch\/fr\/wp-json\/wp\/v2\/deckel?post=4447"},{"taxonomy":"farbe","embeddable":true,"href":"https:\/\/e-in.ch\/fr\/wp-json\/wp\/v2\/farbe?post=4447"},{"taxonomy":"form-dbr-dbk","embeddable":true,"href":"https:\/\/e-in.ch\/fr\/wp-json\/wp\/v2\/form-dbr-dbk?post=4447"},{"taxonomy":"geeignet-fuer","embeddable":true,"href":"https:\/\/e-in.ch\/fr\/wp-json\/wp\/v2\/geeignet-fuer?post=4447"},{"taxonomy":"groesse-der-dose","embeddable":true,"href":"https:\/\/e-in.ch\/fr\/wp-json\/wp\/v2\/groesse-der-dose?post=4447"},{"taxonomy":"farbe--material","embeddable":true,"href":"https:\/\/e-in.ch\/fr\/wp-json\/wp\/v2\/farbe--material?post=4447"},{"taxonomy":"mindestaufbauhohe-flf","embeddable":true,"href":"https:\/\/e-in.ch\/fr\/wp-json\/wp\/v2\/mindestaufbauhohe-flf?post=4447"},{"taxonomy":"modul-geschirmt","embeddable":true,"href":"https:\/\/e-in.ch\/fr\/wp-json\/wp\/v2\/modul-geschirmt?post=4447"},{"taxonomy":"montageart","embeddable":true,"href":"https:\/\/e-in.ch\/fr\/wp-json\/wp\/v2\/montageart?post=4447"},{"taxonomy":"mvt-kategorie","embeddable":true,"href":"https:\/\/e-in.ch\/fr\/wp-json\/wp\/v2\/mvt-kategorie?post=4447"},{"taxonomy":"varianten-fuer-elu--dbh-dbv","embeddable":true,"href":"https:\/\/e-in.ch\/fr\/wp-json\/wp\/v2\/varianten-fuer-elu--dbh-dbv?post=4447"},{"taxonomy":"vertiefung-im-deckel","embeddable":true,"href":"https:\/\/e-in.ch\/fr\/wp-json\/wp\/v2\/vertiefung-im-deckel?post=4447"},{"taxonomy":"product_brand","embeddable":true,"href":"https:\/\/e-in.ch\/fr\/wp-json\/wp\/v2\/product_brand?post=4447"},{"taxonomy":"product_cat","embeddable":true,"href":"https:\/\/e-in.ch\/fr\/wp-json\/wp\/v2\/product_cat?post=4447"},{"taxonomy":"product_tag","embeddable":true,"href":"https:\/\/e-in.ch\/fr\/wp-json\/wp\/v2\/product_tag?post=4447"}],"curies":[{"name":"wp","href":"https:\/\/api.w.org\/{rel}","templated":true}]}}