{"id":4463,"date":"2025-04-01T18:03:37","date_gmt":"2025-04-01T16:03:37","guid":{"rendered":"https:\/\/e-in.ch\/product\/ubd-130-166-aufstock-rahmen-aus-svz-inkl-170mm-nivellierschrauben-zu-ubd-100-und-130-2\/"},"modified":"2026-04-19T02:51:53","modified_gmt":"2026-04-19T00:51:53","slug":"ubd-130-166-aufstock-rahmen-aus-svz-inkl-170mm-nivellierschrauben-zu-ubd-100-und-130-2","status":"publish","type":"product","link":"https:\/\/e-in.ch\/fr\/product\/ubd-130-166-aufstock-rahmen-aus-svz-inkl-170mm-nivellierschrauben-zu-ubd-100-und-130-2\/","title":{"rendered":"UBD 130 166  &#8211;  Aufstock-Rahmen aus SVZ inkl. 170mm Nivellierschrauben zu Unterflur-Bodendose UBD 100 und 130"},"content":{"rendered":"<p>Mindesth\u00f6he: 25mm<br \/>Maximalh\u00f6he: 165mm<\/p>\n<p>Anmerkung: Die Nivellierschrauben f\u00fcr die Montage der Bodendose m\u00fcssen separat bestellt werden.<\/p>\n","protected":false},"excerpt":{"rendered":"<p>Mindesth\u00f6he: 25mmMaximalh\u00f6he: 165mm Anmerkung: Die Nivellierschrauben f\u00fcr die Montage der Bodendose m\u00fcssen separat bestellt werden.<\/p>\n","protected":false},"featured_media":14030,"template":"","meta":{"_acf_changed":false,"inline_featured_image":false,"wds_primary_product_brand":0,"wds_primary_product_cat":0},"anzahl-der-zuege":[],"anzahl-flf-plaetze":[],"anzahl-module":[],"ausfuehrung":[],"auslass":[],"belastung":[],"deckel":[],"farbe":[],"form-dbr-dbk":[],"geeignet-fuer":[],"groesse-der-dose":[],"farbe--material":[143],"mindestaufbauhohe-flf":[],"modul-geschirmt":[],"montageart":[],"mvt-kategorie":[],"varianten-fuer-elu--dbh-dbv":[],"vertiefung-im-deckel":[],"product_brand":[],"product_cat":[278,1978,1979,2330],"product_tag":[],"class_list":{"0":"post-4463","1":"product","2":"type-product","3":"status-publish","4":"has-post-thumbnail","6":"farbe--material-svz","7":"product_cat-1-unterflur-bodendosen-ubd","8":"product_cat-unterflur-bodendosen-ubd-100","9":"product_cat-unterflur-bodendosen-ubd-130","10":"product_cat-unterflur-bodendosen-zubehoer","11":"sales-flash-overlay","12":"woocommerce-text-align-center","13":"woocommerce-image-align-center","14":"do-quantity-buttons","15":"wc-has-gallery","17":"first","18":"instock","19":"taxable","20":"shipping-taxable","21":"purchasable","22":"product-type-simple"},"acf":[],"_links":{"self":[{"href":"https:\/\/e-in.ch\/fr\/wp-json\/wp\/v2\/product\/4463","targetHints":{"allow":["GET"]}}],"collection":[{"href":"https:\/\/e-in.ch\/fr\/wp-json\/wp\/v2\/product"}],"about":[{"href":"https:\/\/e-in.ch\/fr\/wp-json\/wp\/v2\/types\/product"}],"wp:featuredmedia":[{"embeddable":true,"href":"https:\/\/e-in.ch\/fr\/wp-json\/wp\/v2\/media\/14030"}],"wp:attachment":[{"href":"https:\/\/e-in.ch\/fr\/wp-json\/wp\/v2\/media?parent=4463"}],"wp:term":[{"taxonomy":"anzahl-der-zuege","embeddable":true,"href":"https:\/\/e-in.ch\/fr\/wp-json\/wp\/v2\/anzahl-der-zuege?post=4463"},{"taxonomy":"anzahl-flf-plaetze","embeddable":true,"href":"https:\/\/e-in.ch\/fr\/wp-json\/wp\/v2\/anzahl-flf-plaetze?post=4463"},{"taxonomy":"anzahl-module","embeddable":true,"href":"https:\/\/e-in.ch\/fr\/wp-json\/wp\/v2\/anzahl-module?post=4463"},{"taxonomy":"ausfuehrung","embeddable":true,"href":"https:\/\/e-in.ch\/fr\/wp-json\/wp\/v2\/ausfuehrung?post=4463"},{"taxonomy":"auslass","embeddable":true,"href":"https:\/\/e-in.ch\/fr\/wp-json\/wp\/v2\/auslass?post=4463"},{"taxonomy":"belastung","embeddable":true,"href":"https:\/\/e-in.ch\/fr\/wp-json\/wp\/v2\/belastung?post=4463"},{"taxonomy":"deckel","embeddable":true,"href":"https:\/\/e-in.ch\/fr\/wp-json\/wp\/v2\/deckel?post=4463"},{"taxonomy":"farbe","embeddable":true,"href":"https:\/\/e-in.ch\/fr\/wp-json\/wp\/v2\/farbe?post=4463"},{"taxonomy":"form-dbr-dbk","embeddable":true,"href":"https:\/\/e-in.ch\/fr\/wp-json\/wp\/v2\/form-dbr-dbk?post=4463"},{"taxonomy":"geeignet-fuer","embeddable":true,"href":"https:\/\/e-in.ch\/fr\/wp-json\/wp\/v2\/geeignet-fuer?post=4463"},{"taxonomy":"groesse-der-dose","embeddable":true,"href":"https:\/\/e-in.ch\/fr\/wp-json\/wp\/v2\/groesse-der-dose?post=4463"},{"taxonomy":"farbe--material","embeddable":true,"href":"https:\/\/e-in.ch\/fr\/wp-json\/wp\/v2\/farbe--material?post=4463"},{"taxonomy":"mindestaufbauhohe-flf","embeddable":true,"href":"https:\/\/e-in.ch\/fr\/wp-json\/wp\/v2\/mindestaufbauhohe-flf?post=4463"},{"taxonomy":"modul-geschirmt","embeddable":true,"href":"https:\/\/e-in.ch\/fr\/wp-json\/wp\/v2\/modul-geschirmt?post=4463"},{"taxonomy":"montageart","embeddable":true,"href":"https:\/\/e-in.ch\/fr\/wp-json\/wp\/v2\/montageart?post=4463"},{"taxonomy":"mvt-kategorie","embeddable":true,"href":"https:\/\/e-in.ch\/fr\/wp-json\/wp\/v2\/mvt-kategorie?post=4463"},{"taxonomy":"varianten-fuer-elu--dbh-dbv","embeddable":true,"href":"https:\/\/e-in.ch\/fr\/wp-json\/wp\/v2\/varianten-fuer-elu--dbh-dbv?post=4463"},{"taxonomy":"vertiefung-im-deckel","embeddable":true,"href":"https:\/\/e-in.ch\/fr\/wp-json\/wp\/v2\/vertiefung-im-deckel?post=4463"},{"taxonomy":"product_brand","embeddable":true,"href":"https:\/\/e-in.ch\/fr\/wp-json\/wp\/v2\/product_brand?post=4463"},{"taxonomy":"product_cat","embeddable":true,"href":"https:\/\/e-in.ch\/fr\/wp-json\/wp\/v2\/product_cat?post=4463"},{"taxonomy":"product_tag","embeddable":true,"href":"https:\/\/e-in.ch\/fr\/wp-json\/wp\/v2\/product_tag?post=4463"}],"curies":[{"name":"wp","href":"https:\/\/api.w.org\/{rel}","templated":true}]}}