{"id":4483,"date":"2025-04-01T18:04:38","date_gmt":"2025-04-01T16:04:38","guid":{"rendered":"https:\/\/e-in.ch\/product\/ubd-324-001-unterflur-bodendose-ubd-320-ohne-schutzkante-inkl-belegtem-deckel-aus-4mm-svz-mit-ausschnitt-2\/"},"modified":"2026-04-19T02:52:45","modified_gmt":"2026-04-19T00:52:45","slug":"ubd-324-001-unterflur-bodendose-ubd-320-ohne-schutzkante-inkl-belegtem-deckel-aus-4mm-svz-mit-ausschnitt-2","status":"publish","type":"product","link":"https:\/\/e-in.ch\/fr\/product\/ubd-324-001-unterflur-bodendose-ubd-320-ohne-schutzkante-inkl-belegtem-deckel-aus-4mm-svz-mit-ausschnitt-2\/","title":{"rendered":"UBD 324 001  &#8211;  Unterflur-Bodendose UBD 320 ohne Schutzkante inkl. belegtem Deckel aus 4mm SVZ mit Ausschnitt"},"content":{"rendered":"<p>Mindestbodenaufbauh\u00f6he von Roh- bis Fertigboden:<br \/>&#8211; (2&#215;4 FLF horizontal): 57mm<br \/>&#8211; (2&#215;7 FLF vertikal): 79mm<br \/>&#8211; (45&#215;45-Ausschnitt): 69mm<\/p>\n<p>Nicht geeignet f\u00fcr Fl\u00fcssigb\u00f6den!<\/p>\n","protected":false},"excerpt":{"rendered":"<p>Mindestbodenaufbauh\u00f6he von Roh- bis Fertigboden:&#8211; (2&#215;4 FLF horizontal): 57mm&#8211; (2&#215;7 FLF vertikal): 79mm&#8211; (45&#215;45-Ausschnitt): 69mm Nicht geeignet f\u00fcr Fl\u00fcssigb\u00f6den!<\/p>\n","protected":false},"featured_media":14036,"template":"","meta":{"_acf_changed":false,"inline_featured_image":false,"wds_primary_product_brand":0,"wds_primary_product_cat":0},"anzahl-der-zuege":[],"anzahl-flf-plaetze":[146,120],"anzahl-module":[],"ausfuehrung":[],"auslass":[],"belastung":[134],"deckel":[],"farbe":[],"form-dbr-dbk":[],"geeignet-fuer":[144],"groesse-der-dose":[133],"farbe--material":[126,143],"mindestaufbauhohe-flf":[],"modul-geschirmt":[],"montageart":[],"mvt-kategorie":[],"varianten-fuer-elu--dbh-dbv":[],"vertiefung-im-deckel":[172],"product_brand":[],"product_cat":[278,1985],"product_tag":[145],"class_list":{"0":"post-4483","1":"product","2":"type-product","3":"status-publish","4":"has-post-thumbnail","6":"anzahl-flf-plaetze-146","7":"anzahl-flf-plaetze-120","8":"belastung-bis-500-kg","9":"geeignet-fuer-gewerbebau","10":"groesse-der-dose-ubd-320","11":"farbe--material-chromstahl","12":"farbe--material-svz","13":"vertiefung-im-deckel-keine-belegter-deckel","14":"product_cat-1-unterflur-bodendosen-ubd","15":"product_cat-unterflur-bodendosen-ubd-320","16":"product_tag-fuer-den-gewerbebau","17":"sales-flash-overlay","18":"woocommerce-text-align-center","19":"woocommerce-image-align-center","20":"do-quantity-buttons","21":"wc-has-gallery","23":"first","24":"instock","25":"taxable","26":"shipping-taxable","27":"purchasable","28":"product-type-simple"},"acf":[],"_links":{"self":[{"href":"https:\/\/e-in.ch\/fr\/wp-json\/wp\/v2\/product\/4483","targetHints":{"allow":["GET"]}}],"collection":[{"href":"https:\/\/e-in.ch\/fr\/wp-json\/wp\/v2\/product"}],"about":[{"href":"https:\/\/e-in.ch\/fr\/wp-json\/wp\/v2\/types\/product"}],"wp:featuredmedia":[{"embeddable":true,"href":"https:\/\/e-in.ch\/fr\/wp-json\/wp\/v2\/media\/14036"}],"wp:attachment":[{"href":"https:\/\/e-in.ch\/fr\/wp-json\/wp\/v2\/media?parent=4483"}],"wp:term":[{"taxonomy":"anzahl-der-zuege","embeddable":true,"href":"https:\/\/e-in.ch\/fr\/wp-json\/wp\/v2\/anzahl-der-zuege?post=4483"},{"taxonomy":"anzahl-flf-plaetze","embeddable":true,"href":"https:\/\/e-in.ch\/fr\/wp-json\/wp\/v2\/anzahl-flf-plaetze?post=4483"},{"taxonomy":"anzahl-module","embeddable":true,"href":"https:\/\/e-in.ch\/fr\/wp-json\/wp\/v2\/anzahl-module?post=4483"},{"taxonomy":"ausfuehrung","embeddable":true,"href":"https:\/\/e-in.ch\/fr\/wp-json\/wp\/v2\/ausfuehrung?post=4483"},{"taxonomy":"auslass","embeddable":true,"href":"https:\/\/e-in.ch\/fr\/wp-json\/wp\/v2\/auslass?post=4483"},{"taxonomy":"belastung","embeddable":true,"href":"https:\/\/e-in.ch\/fr\/wp-json\/wp\/v2\/belastung?post=4483"},{"taxonomy":"deckel","embeddable":true,"href":"https:\/\/e-in.ch\/fr\/wp-json\/wp\/v2\/deckel?post=4483"},{"taxonomy":"farbe","embeddable":true,"href":"https:\/\/e-in.ch\/fr\/wp-json\/wp\/v2\/farbe?post=4483"},{"taxonomy":"form-dbr-dbk","embeddable":true,"href":"https:\/\/e-in.ch\/fr\/wp-json\/wp\/v2\/form-dbr-dbk?post=4483"},{"taxonomy":"geeignet-fuer","embeddable":true,"href":"https:\/\/e-in.ch\/fr\/wp-json\/wp\/v2\/geeignet-fuer?post=4483"},{"taxonomy":"groesse-der-dose","embeddable":true,"href":"https:\/\/e-in.ch\/fr\/wp-json\/wp\/v2\/groesse-der-dose?post=4483"},{"taxonomy":"farbe--material","embeddable":true,"href":"https:\/\/e-in.ch\/fr\/wp-json\/wp\/v2\/farbe--material?post=4483"},{"taxonomy":"mindestaufbauhohe-flf","embeddable":true,"href":"https:\/\/e-in.ch\/fr\/wp-json\/wp\/v2\/mindestaufbauhohe-flf?post=4483"},{"taxonomy":"modul-geschirmt","embeddable":true,"href":"https:\/\/e-in.ch\/fr\/wp-json\/wp\/v2\/modul-geschirmt?post=4483"},{"taxonomy":"montageart","embeddable":true,"href":"https:\/\/e-in.ch\/fr\/wp-json\/wp\/v2\/montageart?post=4483"},{"taxonomy":"mvt-kategorie","embeddable":true,"href":"https:\/\/e-in.ch\/fr\/wp-json\/wp\/v2\/mvt-kategorie?post=4483"},{"taxonomy":"varianten-fuer-elu--dbh-dbv","embeddable":true,"href":"https:\/\/e-in.ch\/fr\/wp-json\/wp\/v2\/varianten-fuer-elu--dbh-dbv?post=4483"},{"taxonomy":"vertiefung-im-deckel","embeddable":true,"href":"https:\/\/e-in.ch\/fr\/wp-json\/wp\/v2\/vertiefung-im-deckel?post=4483"},{"taxonomy":"product_brand","embeddable":true,"href":"https:\/\/e-in.ch\/fr\/wp-json\/wp\/v2\/product_brand?post=4483"},{"taxonomy":"product_cat","embeddable":true,"href":"https:\/\/e-in.ch\/fr\/wp-json\/wp\/v2\/product_cat?post=4483"},{"taxonomy":"product_tag","embeddable":true,"href":"https:\/\/e-in.ch\/fr\/wp-json\/wp\/v2\/product_tag?post=4483"}],"curies":[{"name":"wp","href":"https:\/\/api.w.org\/{rel}","templated":true}]}}