{"id":9027,"date":"2025-09-23T13:19:58","date_gmt":"2025-09-23T11:19:58","guid":{"rendered":"https:\/\/e-in.ch\/product\/dbr-130-001-doppelboden-auslass-dbr-130-inkl-belegtem-deckel-aus-chromstahl-geschliffen-mit-rand-und-1-buerstenauslass\/"},"modified":"2026-04-18T02:52:52","modified_gmt":"2026-04-18T00:52:52","slug":"dbr-130-001-doppelboden-auslass-dbr-130-inkl-belegtem-deckel-aus-chromstahl-geschliffen-mit-rand-und-1-buerstenauslass","status":"publish","type":"product","link":"https:\/\/e-in.ch\/fr\/product\/dbr-130-001-doppelboden-auslass-dbr-130-inkl-belegtem-deckel-aus-chromstahl-geschliffen-mit-rand-und-1-buerstenauslass\/","title":{"rendered":"DBR 130 001  &#8211;  Doppelboden-Auslass DBR 130 inkl. belegtem Deckel aus Chromstahl, geschliffen, mit Rand und 1 B\u00fcrstenauslass"},"content":{"rendered":"<p>f\u00fcr Hohl- und Doppelboden<\/p>\n<p>Aussenmasse: \u00f8 135 mm<br \/>Ausschnitt:  \u00f8 127 mm<\/p>\n","protected":false},"excerpt":{"rendered":"<p>f\u00fcr Hohl- und Doppelboden Aussenmasse: \u00f8 135 mmAusschnitt: \u00f8 127 mm<\/p>\n","protected":false},"featured_media":13917,"template":"","meta":{"_acf_changed":false,"inline_featured_image":false,"wds_primary_product_brand":0,"wds_primary_product_cat":0},"anzahl-der-zuege":[],"anzahl-flf-plaetze":[118],"anzahl-module":[],"ausfuehrung":[2234],"auslass":[123],"belastung":[],"deckel":[],"farbe":[],"form-dbr-dbk":[2235],"geeignet-fuer":[],"groesse-der-dose":[2078],"farbe--material":[],"mindestaufbauhohe-flf":[],"modul-geschirmt":[],"montageart":[],"mvt-kategorie":[],"varianten-fuer-elu--dbh-dbv":[],"vertiefung-im-deckel":[172],"product_brand":[],"product_cat":[1209,2065],"product_tag":[],"class_list":{"0":"post-9027","1":"product","2":"type-product","3":"status-publish","4":"has-post-thumbnail","6":"anzahl-flf-plaetze-118","7":"ausfuehrung-aufliegend","8":"auslass-1-buerstenauslass","9":"form-dbr-dbk-rund","10":"groesse-der-dose-2078","11":"vertiefung-im-deckel-keine-belegter-deckel","12":"product_cat-5-auslaesse-dbk-dbr","13":"product_cat-doppelboden-auslaesse-mit-rand","14":"sales-flash-overlay","15":"woocommerce-text-align-center","16":"woocommerce-image-align-center","17":"do-quantity-buttons","19":"first","20":"instock","21":"taxable","22":"shipping-taxable","23":"purchasable","24":"product-type-simple"},"acf":[],"_links":{"self":[{"href":"https:\/\/e-in.ch\/fr\/wp-json\/wp\/v2\/product\/9027","targetHints":{"allow":["GET"]}}],"collection":[{"href":"https:\/\/e-in.ch\/fr\/wp-json\/wp\/v2\/product"}],"about":[{"href":"https:\/\/e-in.ch\/fr\/wp-json\/wp\/v2\/types\/product"}],"wp:featuredmedia":[{"embeddable":true,"href":"https:\/\/e-in.ch\/fr\/wp-json\/wp\/v2\/media\/13917"}],"wp:attachment":[{"href":"https:\/\/e-in.ch\/fr\/wp-json\/wp\/v2\/media?parent=9027"}],"wp:term":[{"taxonomy":"anzahl-der-zuege","embeddable":true,"href":"https:\/\/e-in.ch\/fr\/wp-json\/wp\/v2\/anzahl-der-zuege?post=9027"},{"taxonomy":"anzahl-flf-plaetze","embeddable":true,"href":"https:\/\/e-in.ch\/fr\/wp-json\/wp\/v2\/anzahl-flf-plaetze?post=9027"},{"taxonomy":"anzahl-module","embeddable":true,"href":"https:\/\/e-in.ch\/fr\/wp-json\/wp\/v2\/anzahl-module?post=9027"},{"taxonomy":"ausfuehrung","embeddable":true,"href":"https:\/\/e-in.ch\/fr\/wp-json\/wp\/v2\/ausfuehrung?post=9027"},{"taxonomy":"auslass","embeddable":true,"href":"https:\/\/e-in.ch\/fr\/wp-json\/wp\/v2\/auslass?post=9027"},{"taxonomy":"belastung","embeddable":true,"href":"https:\/\/e-in.ch\/fr\/wp-json\/wp\/v2\/belastung?post=9027"},{"taxonomy":"deckel","embeddable":true,"href":"https:\/\/e-in.ch\/fr\/wp-json\/wp\/v2\/deckel?post=9027"},{"taxonomy":"farbe","embeddable":true,"href":"https:\/\/e-in.ch\/fr\/wp-json\/wp\/v2\/farbe?post=9027"},{"taxonomy":"form-dbr-dbk","embeddable":true,"href":"https:\/\/e-in.ch\/fr\/wp-json\/wp\/v2\/form-dbr-dbk?post=9027"},{"taxonomy":"geeignet-fuer","embeddable":true,"href":"https:\/\/e-in.ch\/fr\/wp-json\/wp\/v2\/geeignet-fuer?post=9027"},{"taxonomy":"groesse-der-dose","embeddable":true,"href":"https:\/\/e-in.ch\/fr\/wp-json\/wp\/v2\/groesse-der-dose?post=9027"},{"taxonomy":"farbe--material","embeddable":true,"href":"https:\/\/e-in.ch\/fr\/wp-json\/wp\/v2\/farbe--material?post=9027"},{"taxonomy":"mindestaufbauhohe-flf","embeddable":true,"href":"https:\/\/e-in.ch\/fr\/wp-json\/wp\/v2\/mindestaufbauhohe-flf?post=9027"},{"taxonomy":"modul-geschirmt","embeddable":true,"href":"https:\/\/e-in.ch\/fr\/wp-json\/wp\/v2\/modul-geschirmt?post=9027"},{"taxonomy":"montageart","embeddable":true,"href":"https:\/\/e-in.ch\/fr\/wp-json\/wp\/v2\/montageart?post=9027"},{"taxonomy":"mvt-kategorie","embeddable":true,"href":"https:\/\/e-in.ch\/fr\/wp-json\/wp\/v2\/mvt-kategorie?post=9027"},{"taxonomy":"varianten-fuer-elu--dbh-dbv","embeddable":true,"href":"https:\/\/e-in.ch\/fr\/wp-json\/wp\/v2\/varianten-fuer-elu--dbh-dbv?post=9027"},{"taxonomy":"vertiefung-im-deckel","embeddable":true,"href":"https:\/\/e-in.ch\/fr\/wp-json\/wp\/v2\/vertiefung-im-deckel?post=9027"},{"taxonomy":"product_brand","embeddable":true,"href":"https:\/\/e-in.ch\/fr\/wp-json\/wp\/v2\/product_brand?post=9027"},{"taxonomy":"product_cat","embeddable":true,"href":"https:\/\/e-in.ch\/fr\/wp-json\/wp\/v2\/product_cat?post=9027"},{"taxonomy":"product_tag","embeddable":true,"href":"https:\/\/e-in.ch\/fr\/wp-json\/wp\/v2\/product_tag?post=9027"}],"curies":[{"name":"wp","href":"https:\/\/api.w.org\/{rel}","templated":true}]}}