{"id":14658,"date":"2025-04-23T15:47:42","date_gmt":"2025-04-23T13:47:42","guid":{"rendered":"https:\/\/e-in.ch\/azienda\/"},"modified":"2025-12-24T10:44:46","modified_gmt":"2025-12-24T09:44:46","slug":"azienda","status":"publish","type":"page","link":"https:\/\/e-in.ch\/it\/azienda\/","title":{"rendered":"Azienda"},"content":{"rendered":"<div class=\"gb-container gb-container-3938259c alignfull\">\n<div class=\"gb-container gb-container-3a4661b3 arrow_homepage_absolute\">\n\n<figure class=\"gb-block-image gb-block-image-74d23b6e\"><a href=\"#section2\"><img decoding=\"async\" width=\"41\" height=\"41\" class=\"gb-image gb-image-74d23b6e imageclikcbutton\" src=\"https:\/\/e-in.ch\/wp-content\/uploads\/2025\/06\/Path-143.svg\" alt=\"\"><\/a><\/figure>\n\n<\/div>\n<\/div><div class=\"gb-container gb-container-0343ae87\" id=\"section2\">\n<div class=\"gb-grid-wrapper gb-grid-wrapper-695cd12a\">\n<div class=\"gb-grid-column gb-grid-column-abc70d86\"><div class=\"gb-container gb-container-abc70d86\">\n\n<h1 class=\"gb-headline gb-headline-4fc2deee gb-headline-text\" data-aos=\"fade-up\">Chi siamo<\/h1>\n\n<\/div><\/div>\n\n<div class=\"gb-grid-column gb-grid-column-fcecb248\"><div class=\"gb-container gb-container-fcecb248\">\n\n<h4 class=\"gb-headline gb-headline-ca192e4c gb-headline-text\" data-aos=\"fade-up\"><strong>L&#8217;azienda e-in \u00e8 stata fondata nel 2003 da Antonio Paparo con una visione chiara: fornire soluzioni innovative ai nostri clienti. Nei primi anni, ci siamo concentrati sulla distribuzione di prodotti di alta qualit\u00e0 di produttori rinomati, ponendo cos\u00ec le basi per la nostra attuale offerta completa di servizi. <\/strong><\/h4>\n\n<\/div><\/div>\n<\/div>\n<\/div><div class=\"gb-container gb-container-ab221761\">\n<div class=\"gb-grid-wrapper gb-grid-wrapper-6782aeba\">\n<div class=\"gb-grid-column gb-grid-column-9ea56307\"><div class=\"gb-container gb-container-9ea56307\">\n\n<p class=\"gb-headline gb-headline-dd6361c0 gb-headline-text\" data-aos=\"fade-up\">Nel corso degli anni, abbiamo ricevuto numerosi suggerimenti, desideri e sfide dalle discussioni con i clienti. Questi preziosi impulsi ci hanno motivato a promuovere i nostri sviluppi, con un riscontro sempre positivo. <\/p>\n\n<\/div><\/div>\n\n<div class=\"gb-grid-column gb-grid-column-7c54ead0\"><div class=\"gb-container gb-container-7c54ead0\"><\/div><\/div>\n<\/div>\n<\/div><div class=\"gb-container gb-container-0a1a1554\">\n<div class=\"gb-grid-wrapper gb-grid-wrapper-c85de30f\">\n<div class=\"gb-grid-column gb-grid-column-d0de42f9\"><div class=\"gb-container gb-container-d0de42f9\">\n\n<p class=\"gb-headline gb-headline-0225019e gb-headline-text\" data-aos=\"fade-up\">Quando la domanda di installazione di canalizzazioni a pavimento \u00e8 aumentata notevolmente, nel 2006 abbiamo assunto il nostro primo installatore. Gi\u00e0 un anno dopo, nel 2007, ci siamo trasferiti da Wetzikon a Hadlikon: i nostri locali precedenti non erano pi\u00f9 sufficienti. <\/p>\n\n\n<div class=\"gb-container gb-container-27dbca67\"><\/div>\n<\/div><\/div>\n\n<div class=\"gb-grid-column gb-grid-column-0d86294d\"><div class=\"gb-container gb-container-0d86294d\">\n\n<p class=\"gb-headline gb-headline-6029111b gb-headline-text\" data-aos=\"fade-up\">Da allora, abbiamo ampliato continuamente il nostro portafoglio prodotti, sia con innovazioni proprie che con prodotti commerciali accuratamente selezionati. Parallelamente, anche il nostro team \u00e8 cresciuto costantemente. <\/p>\n\n\n<div class=\"gb-container gb-container-f9dcc283\"><\/div>\n\n\n<p class=\"gb-headline gb-headline-e6f9889f gb-headline-text\" data-aos=\"fade-up\">Alla fine del 2011, abbiamo riorientato strategicamente la nostra attivit\u00e0 e abbiamo deciso di concentrarci sul commercio all&#8217;ingrosso di prodotti commerciali. Nel corso di questo riorientamento, abbiamo rivisto il nostro logo e lo abbiamo adattato alla nostra nuova strategia aziendale. <br><\/p>\n\n<\/div><\/div>\n<\/div>\n<\/div><div class=\"gb-container gb-container-0e231533 alignfull\">\n<div class=\"gb-container gb-container-7c9ef19d\">\n<div class=\"gb-grid-wrapper gb-grid-wrapper-f8a71ae3\">\n<div class=\"gb-grid-column gb-grid-column-a3aca8de\"><div class=\"gb-container gb-container-a3aca8de\">\n\n<h2 class=\"gb-headline gb-headline-3aa324a9 gb-headline-text\" data-aos=\"fade-up\">La<br>Filosofia<\/h2>\n\n<\/div><\/div>\n\n<div class=\"gb-grid-column gb-grid-column-d04dd4c8\"><div class=\"gb-container gb-container-d04dd4c8\">\n\n<p class=\"gb-headline gb-headline-287a4bf4 gb-headline-text\" data-aos=\"fade-up\">Secondo il nostro motto&nbsp;<em>\u201cProdotti innovativi per installazioni elettriche\u201d<\/em>, sviluppiamo le nostre soluzioni con l&#8217;obiettivo di renderle facili da usare, veloci da montare ed esteticamente accattivanti. I nostri prodotti si integrano perfettamente in diversi concetti di spazio <\/p>\n\n\n\n<p class=\"gb-headline gb-headline-ca8c4dd7 gb-headline-text\" data-aos=\"fade-up\">Offriamo non solo soluzioni standard, ma rispondiamo anche in modo mirato alle esigenze individuali dei clienti. Questo vale anche per i nostri prodotti commerciali: anche in questo caso, attribuiamo grande importanza alla flessibilit\u00e0 e alla vicinanza al cliente. <\/p>\n\n<\/div><\/div>\n<\/div>\n<\/div>\n<\/div><div class=\"gb-container gb-container-1e77b89b alignfull\">\n\n<figure class=\"gb-block-image gb-block-image-edae2e86\"><img decoding=\"async\" class=\"gb-image gb-image-edae2e86\" src=\"https:\/\/e-in.ch\/wp-content\/uploads\/2025\/08\/Design-ohne-Titel-1333-Kopie.png\" alt=\"\" title=\"Design senza titolo (1333 - Copia\"><\/figure>\n\n<\/div><div class=\"gb-container gb-container-4dd1e8e1\">\n<div class=\"gb-grid-wrapper gb-grid-wrapper-200205e8\">\n<div class=\"gb-grid-column gb-grid-column-d8ba4d2f\"><div class=\"gb-container gb-container-d8ba4d2f\">\n\n<h2 class=\"gb-headline gb-headline-2eaefc0c gb-headline-text\" data-aos=\"fade-up\">Il team<\/h2>\n\n<\/div><\/div>\n\n<div class=\"gb-grid-column gb-grid-column-66a49dae\"><div class=\"gb-container gb-container-66a49dae\">\n\n<h4 class=\"gb-headline gb-headline-bdf16799 gb-headline-text\" data-aos=\"fade-up\">Come team affiatato, siamo in grado di reagire in modo spontaneo e flessibile e, se necessario, di sostituirci a vicenda. Questa collaborazione ci rende forti e garantisce che i nostri clienti possano sempre fare affidamento su di noi. <\/h4>\n\n<\/div><\/div>\n<\/div>\n<\/div><div class=\"gb-container gb-container-f683afb9\">\n<section id=\"digicube-block-68497a974cfd5\"     class=\"team-section\">\n\n    <ul class=\"team-members\" data-aos=\"fade-up\">\n        \n        <li class=\"team-member\">\n            <div class=\"team-member-thumbnail\">\n                                <img decoding=\"async\" width=\"428\" height=\"450\" src=\"https:\/\/e-in.ch\/wp-content\/uploads\/2025\/06\/AP_20240412.jpg\" class=\"attachment-full size-full wp-post-image\" alt=\"Antonio Paparo\" srcset=\"https:\/\/e-in.ch\/wp-content\/uploads\/2025\/06\/AP_20240412.jpg 428w, https:\/\/e-in.ch\/wp-content\/uploads\/2025\/06\/AP_20240412-285x300.jpg 285w\" sizes=\"(max-width: 428px) 100vw, 428px\" \/>                            <\/div>\n            <div class=\"team-member-info\">\n                <h2 class=\"team-member-title\">Antonio Paparo<\/h2>\n                                <p class=\"team-member-position\">Titolare, amministratore delegato <\/p>\n                                                <p class=\"team-member-email\">\n                    <a href=\"mailto:info@e-in.ch\">info@e-in.ch<\/a>                <\/p>\n                                            <\/div>\n        <\/li>\n\n        \n        <li class=\"team-member\">\n            <div class=\"team-member-thumbnail\">\n                                <img decoding=\"async\" width=\"429\" height=\"450\" src=\"https:\/\/e-in.ch\/wp-content\/uploads\/2025\/06\/PHG_20240412.jpg\" class=\"attachment-full size-full wp-post-image\" alt=\"Philipp G\u00fcbeli\" srcset=\"https:\/\/e-in.ch\/wp-content\/uploads\/2025\/06\/PHG_20240412.jpg 429w, https:\/\/e-in.ch\/wp-content\/uploads\/2025\/06\/PHG_20240412-286x300.jpg 286w\" sizes=\"(max-width: 429px) 100vw, 429px\" \/>                            <\/div>\n            <div class=\"team-member-info\">\n                <h2 class=\"team-member-title\">Philipp G\u00fcbeli<\/h2>\n                                <p class=\"team-member-position\">Responsabile clienti chiave<\/p>\n                                                <p class=\"team-member-email\">\n                    <a href=\"mailto:guebeli@e-in.ch\">guebeli@e-in.ch<\/a>                <\/p>\n                                            <\/div>\n        <\/li>\n\n        \n        <li class=\"team-member\">\n            <div class=\"team-member-thumbnail\">\n                                <img decoding=\"async\" width=\"429\" height=\"450\" src=\"https:\/\/e-in.ch\/wp-content\/uploads\/2025\/06\/MG_20240412.jpg\" class=\"attachment-full size-full wp-post-image\" alt=\"Mirella Guidarelli\" srcset=\"https:\/\/e-in.ch\/wp-content\/uploads\/2025\/06\/MG_20240412.jpg 429w, https:\/\/e-in.ch\/wp-content\/uploads\/2025\/06\/MG_20240412-286x300.jpg 286w\" sizes=\"(max-width: 429px) 100vw, 429px\" \/>                            <\/div>\n            <div class=\"team-member-info\">\n                <h2 class=\"team-member-title\">Mirella Guidarelli<\/h2>\n                                <p class=\"team-member-position\">Responsabile dell\u2019amministrazione<\/p>\n                                                <p class=\"team-member-email\">\n                    <a href=\"mailto:guidarelli@e-in.ch\">guidarelli@e-in.ch<\/a>                <\/p>\n                                            <\/div>\n        <\/li>\n\n        \n        <li class=\"team-member\">\n            <div class=\"team-member-thumbnail\">\n                                <img decoding=\"async\" width=\"428\" height=\"450\" src=\"https:\/\/e-in.ch\/wp-content\/uploads\/2025\/06\/DF_20240412.jpg\" class=\"attachment-full size-full wp-post-image\" alt=\"Debbie Freiburghaus\" srcset=\"https:\/\/e-in.ch\/wp-content\/uploads\/2025\/06\/DF_20240412.jpg 428w, https:\/\/e-in.ch\/wp-content\/uploads\/2025\/06\/DF_20240412-285x300.jpg 285w\" sizes=\"(max-width: 428px) 100vw, 428px\" \/>                            <\/div>\n            <div class=\"team-member-info\">\n                <h2 class=\"team-member-title\">Debbie Freiburghaus<\/h2>\n                                <p class=\"team-member-position\">Responsabile Marketing &#038; IT<\/p>\n                                                <p class=\"team-member-email\">\n                    <a href=\"mailto:freiburghaus@e-in.ch\">freiburghaus@e-in.ch<\/a>                <\/p>\n                                            <\/div>\n        <\/li>\n\n        \n        <li class=\"team-member\">\n            <div class=\"team-member-thumbnail\">\n                                <img decoding=\"async\" width=\"429\" height=\"450\" src=\"https:\/\/e-in.ch\/wp-content\/uploads\/2025\/06\/RS_20240412.jpg\" class=\"attachment-full size-full wp-post-image\" alt=\"Ronny Schmidt\" srcset=\"https:\/\/e-in.ch\/wp-content\/uploads\/2025\/06\/RS_20240412.jpg 429w, https:\/\/e-in.ch\/wp-content\/uploads\/2025\/06\/RS_20240412-286x300.jpg 286w\" sizes=\"(max-width: 429px) 100vw, 429px\" \/>                            <\/div>\n            <div class=\"team-member-info\">\n                <h2 class=\"team-member-title\">Ronny Schmidt<\/h2>\n                                <p class=\"team-member-position\">Junior Product Manager<\/p>\n                                                <p class=\"team-member-email\">\n                    <a href=\"mailto:schmidt@e-in.ch\">schmidt@e-in.ch<\/a>                <\/p>\n                                            <\/div>\n        <\/li>\n\n        \n        <li class=\"team-member\">\n            <div class=\"team-member-thumbnail\">\n                                <img decoding=\"async\" width=\"429\" height=\"450\" src=\"https:\/\/e-in.ch\/wp-content\/uploads\/2025\/06\/FB_20240412.jpg\" class=\"attachment-full size-full wp-post-image\" alt=\"Fabian Berchtold\" srcset=\"https:\/\/e-in.ch\/wp-content\/uploads\/2025\/06\/FB_20240412.jpg 429w, https:\/\/e-in.ch\/wp-content\/uploads\/2025\/06\/FB_20240412-286x300.jpg 286w\" sizes=\"(max-width: 429px) 100vw, 429px\" \/>                            <\/div>\n            <div class=\"team-member-info\">\n                <h2 class=\"team-member-title\">Fabian Berchtold<\/h2>\n                                <p class=\"team-member-position\">Progettista, grafico<\/p>\n                                                <p class=\"team-member-email\">\n                    <a href=\"mailto:berchtold@e-in.ch\">berchtold@e-in.ch<\/a>                <\/p>\n                                            <\/div>\n        <\/li>\n\n        \n        <li class=\"team-member\">\n            <div class=\"team-member-thumbnail\">\n                                <img decoding=\"async\" width=\"429\" height=\"450\" src=\"https:\/\/e-in.ch\/wp-content\/uploads\/2025\/06\/PR_20240412.jpg\" class=\"attachment-full size-full wp-post-image\" alt=\"Patricia Ricciardelli\" srcset=\"https:\/\/e-in.ch\/wp-content\/uploads\/2025\/06\/PR_20240412.jpg 429w, https:\/\/e-in.ch\/wp-content\/uploads\/2025\/06\/PR_20240412-286x300.jpg 286w\" sizes=\"(max-width: 429px) 100vw, 429px\" \/>                            <\/div>\n            <div class=\"team-member-info\">\n                <h2 class=\"team-member-title\">Patricia Ricciardelli<\/h2>\n                                <p class=\"team-member-position\">Assistente di produzione<\/p>\n                                                <p class=\"team-member-email\">\n                    <a href=\"mailto:info@e-in.ch\">info@e-in.ch<\/a>                <\/p>\n                                            <\/div>\n        <\/li>\n\n        \n        <li class=\"team-member\">\n            <div class=\"team-member-thumbnail\">\n                                <img decoding=\"async\" width=\"373\" height=\"377\" src=\"https:\/\/e-in.ch\/wp-content\/uploads\/2025\/08\/SP_20241127.gif\" class=\"attachment-full size-full wp-post-image\" alt=\"Samuel Pavlik\" \/>                            <\/div>\n            <div class=\"team-member-info\">\n                <h2 class=\"team-member-title\">Samuel Pavlik<\/h2>\n                                <p class=\"team-member-position\">Operatore di produzione<\/p>\n                                                <p class=\"team-member-email\">\n                    <a href=\"mailto:info@e-in.ch\">info@e-in.ch<\/a>                <\/p>\n                                            <\/div>\n        <\/li>\n\n        \n        <li class=\"team-member\">\n            <div class=\"team-member-thumbnail\">\n                                <img decoding=\"async\" width=\"373\" height=\"377\" src=\"https:\/\/e-in.ch\/wp-content\/uploads\/2025\/09\/EA_20250919.gif\" class=\"attachment-full size-full wp-post-image\" alt=\"Emin Ajdarpasic\" \/>                            <\/div>\n            <div class=\"team-member-info\">\n                <h2 class=\"team-member-title\">Emin Ajdarpasic<\/h2>\n                                <p class=\"team-member-position\">Apprendista commerciale<\/p>\n                                                <p class=\"team-member-email\">\n                    <a href=\"mailto:ajdarpasic@e-in.ch\">ajdarpasic@e-in.ch<\/a>                <\/p>\n                                            <\/div>\n        <\/li>\n\n            <\/ul>\n<\/section>\n\n<\/div><div class=\"gb-container gb-container-305771ec\">\n\n<h3 class=\"gb-headline gb-headline-6db76869 gb-headline-text\" data-aos=\"fade-up\"><strong>Non solo un team,<br>ma una grande famiglia.<\/strong><\/h3>\n\n\n<div class=\"gb-container gb-container-0f647571\">\n<div class=\"gb-grid-wrapper gb-grid-wrapper-4cdb3398\">\n<div class=\"gb-grid-column gb-grid-column-a5f443a1\"><div class=\"gb-container gb-container-a5f443a1\" data-aos=\"fade-up\">\n\n<h4 class=\"gb-headline gb-headline-35d2e2ca gb-headline-text\"><strong>INFO<\/strong><\/h4>\n\n\n\n<p class=\"gb-headline gb-headline-7427a8c5 gb-headline-text\">Vi forniamo trimestralmente informazioni sui prodotti, testimonianze dei nostri clienti, storie e molto altro.<\/p>\n\n\n\n<a class=\"gb-button gb-button-696162ec gb-button-text\" href=\"mailto:info@e-in.ch\">info@e-in.ch<\/a>\n\n<\/div><\/div>\n\n<div class=\"gb-grid-column gb-grid-column-1a42fc55\"><div class=\"gb-container gb-container-1a42fc55\" data-aos=\"fade-up\">\n\n<h4 class=\"gb-headline gb-headline-07b80f41 gb-headline-text\"><strong>LAVORO<\/strong><\/h4>\n\n\n\n<p class=\"gb-headline gb-headline-0d44d689 gb-headline-text\">Siamo alla ricerca di giovani talenti interessati a inventare e pronti a impegnarsi nel mondo del design.<\/p>\n\n\n\n<a class=\"gb-button gb-button-462ba1f5 gb-button-text\" href=\"mailto:jobs@e-in.ch\">jobs@e-in.ch<\/a>\n\n<\/div><\/div>\n<\/div>\n<\/div>\n<\/div><div class=\"gb-container gb-container-1ce57bbc alignfull\">\n<div class=\"gb-container gb-container-d6a1053c\">\n\n<h2 class=\"gb-headline gb-headline-c7115655 gb-headline-text\"><strong>Ulteriori informazioni per te:<\/strong><\/h2>\n\n\n<section id=\"digicube-block-6846f220d7fe7\"     class=\"slider-wrapper slider-repeater-section\">\n    \n    <div class=\"slider-repeater-footer\" data-aos=\"fade-up\">\n                                    <div class=\"slide\">\n                    <h3>Iscriviti subito alla newsletter!<\/h3>\n                    <p>Ti forniamo regolarmente informazioni sui prodotti, novit\u00e0, testimonianze pratiche e molto altro.\r\n<\/p>\n                                            <a href=\"https:\/\/e-in.ch\/newsletter\/\" class=\"slider-repeater__button\">\n                            ISCRIVITI ORA                        <\/a>\n                                    <\/div>\n                        <\/div>\n\n<\/section>\n\n\n<\/div>\n<\/div>","protected":false},"excerpt":{"rendered":"<p>Non solo un team,ma una grande famiglia. Ulteriori informazioni per te:<\/p>\n","protected":false},"author":1,"featured_media":14661,"parent":0,"menu_order":0,"comment_status":"closed","ping_status":"closed","template":"","meta":{"_acf_changed":false,"inline_featured_image":false,"footnotes":""},"class_list":["post-14658","page","type-page","status-publish","has-post-thumbnail"],"acf":[],"_links":{"self":[{"href":"https:\/\/e-in.ch\/it\/wp-json\/wp\/v2\/pages\/14658","targetHints":{"allow":["GET"]}}],"collection":[{"href":"https:\/\/e-in.ch\/it\/wp-json\/wp\/v2\/pages"}],"about":[{"href":"https:\/\/e-in.ch\/it\/wp-json\/wp\/v2\/types\/page"}],"author":[{"embeddable":true,"href":"https:\/\/e-in.ch\/it\/wp-json\/wp\/v2\/users\/1"}],"replies":[{"embeddable":true,"href":"https:\/\/e-in.ch\/it\/wp-json\/wp\/v2\/comments?post=14658"}],"version-history":[{"count":4,"href":"https:\/\/e-in.ch\/it\/wp-json\/wp\/v2\/pages\/14658\/revisions"}],"predecessor-version":[{"id":15749,"href":"https:\/\/e-in.ch\/it\/wp-json\/wp\/v2\/pages\/14658\/revisions\/15749"}],"wp:featuredmedia":[{"embeddable":true,"href":"https:\/\/e-in.ch\/it\/wp-json\/wp\/v2\/media\/14661"}],"wp:attachment":[{"href":"https:\/\/e-in.ch\/it\/wp-json\/wp\/v2\/media?parent=14658"}],"curies":[{"name":"wp","href":"https:\/\/api.w.org\/{rel}","templated":true}]}}