{"id":14724,"date":"2025-04-24T15:33:32","date_gmt":"2025-04-24T13:33:32","guid":{"rendered":"https:\/\/e-in.ch\/impressum\/"},"modified":"2025-12-23T16:23:46","modified_gmt":"2025-12-23T15:23:46","slug":"impressum","status":"publish","type":"page","link":"https:\/\/e-in.ch\/it\/impressum\/","title":{"rendered":"Impressum"},"content":{"rendered":"<div class=\"gb-container gb-container-c599fa56 text-center--mob alignfull\">\n<div class=\"gb-container gb-container-73bf343a\">\n\n<h1 class=\"gb-headline gb-headline-36d4cc48 gb-headline-text\">Impressum<\/h1>\n\n<\/div>\n<\/div>\n<p><strong><em>Indirizzo di contatto<\/em><\/strong><\/p>\n\n<p>e-in ag<br\/>Im Tobel 5<br\/>8340 Hinwil-Hadlikon<br\/>Svizzera<\/p>\n\n<p>E-mail: <a href=\"mailto:info@e-in.ch\">info@e-in.ch<\/a><\/p>\n\n<p><strong><em>Persona(e) autorizzata(e) alla rappresentanza<\/em><\/strong><\/p>\n\n<p>Antonio Paparo, Presidente del Consiglio di Amministrazione<br\/>Mirella Guidarelli, Membro del Consiglio di Amministrazione<br\/><\/p>\n\n<p><strong><em>Iscrizione nel registro delle imprese<\/em><\/strong><\/p>\n\n<p>Nome registrato dell&#8217;azienda:<br\/><strong>e-in ag<\/strong><br\/><\/p>\n\n<p>Numero d&#8217;identificazione dell&#8217;impresa (IDI): <br\/><strong>CHE-109.940.938<\/strong><\/p>\n\n<p>Numero di partita IVA<br\/><strong>CHE-109.940.938 MWST<\/strong><\/p>\n\n<p><br\/><strong><em>Esclusione di responsabilit\u00e0<\/em><\/strong><\/p>\n\n<p>L&#8217;autore non si assume alcuna responsabilit\u00e0 per la correttezza, l&#8217;accuratezza, l&#8217;attualit\u00e0, l&#8217;affidabilit\u00e0 e la completezza delle informazioni.<\/p>\n\n<p>Si escludono rivendicazioni di responsabilit\u00e0 nei confronti dell&#8217;autore per danni materiali o immateriali derivanti dall&#8217;accesso o dall&#8217;uso, ovvero dal mancato utilizzo, delle informazioni pubblicate, dall&#8217;abuso del collegamento o da guasti tecnici.<\/p>\n\n<p>Tutte le offerte non sono vincolanti. L&#8217;autore si riserva espressamente il diritto di modificare, integrare, cancellare o sospendere temporaneamente o definitivamente la pubblicazione di parti delle pagine o dell&#8217;intera offerta senza specifico preavviso. <\/p>\n\n<p><br\/><strong><em>Esclusione di responsabilit\u00e0 per i link<\/em><\/strong><\/p>\n\n<p>I rimandi e i link a siti web di terzi non rientrano nella nostra area di responsabilit\u00e0. Si declina qualsiasi responsabilit\u00e0 per tali siti web. L&#8217;accesso e l&#8217;utilizzo di tali siti web avvengono a rischio e pericolo del rispettivo utente.  <\/p>\n\n<p><br\/><strong><em>Diritti d&#8217;autore<\/em><\/strong><\/p>\n\n<p>I diritti d&#8217;autore e tutti gli altri diritti su contenuti, immagini, foto o altri file presenti su questo sito web appartengono esclusivamente <strong>alla ditta e-in ag<\/strong> o ai detentori dei diritti specificamente menzionati. Per la riproduzione di qualsiasi elemento \u00e8 necessario ottenere preventivamente il consenso scritto del titolare del diritto d&#8217;autore. <\/p>\n","protected":false},"excerpt":{"rendered":"<p>Impressum Indirizzo di contatto e-in agIm Tobel 58340 Hinwil-HadlikonSvizzera E-mail: info@e-in.ch Persona(e) autorizzata(e) alla rappresentanza Antonio Paparo, Presidente del Consiglio di AmministrazioneMirella Guidarelli, Membro del Consiglio di Amministrazione Iscrizione nel registro delle imprese Nome registrato dell&#8217;azienda:e-in ag Numero d&#8217;identificazione dell&#8217;impresa (IDI): CHE-109.940.938 Numero di partita IVACHE-109.940.938 MWST Esclusione di responsabilit\u00e0 L&#8217;autore non si assume alcuna &#8230; <a title=\"Impressum\" class=\"read-more\" href=\"https:\/\/e-in.ch\/it\/impressum\/\" aria-label=\"Per saperne di pi\u00f9 su Impressum\">Read more<\/a><\/p>\n","protected":false},"author":1,"featured_media":0,"parent":0,"menu_order":0,"comment_status":"closed","ping_status":"closed","template":"","meta":{"_acf_changed":false,"inline_featured_image":false,"footnotes":""},"class_list":["post-14724","page","type-page","status-publish"],"acf":[],"_links":{"self":[{"href":"https:\/\/e-in.ch\/it\/wp-json\/wp\/v2\/pages\/14724","targetHints":{"allow":["GET"]}}],"collection":[{"href":"https:\/\/e-in.ch\/it\/wp-json\/wp\/v2\/pages"}],"about":[{"href":"https:\/\/e-in.ch\/it\/wp-json\/wp\/v2\/types\/page"}],"author":[{"embeddable":true,"href":"https:\/\/e-in.ch\/it\/wp-json\/wp\/v2\/users\/1"}],"replies":[{"embeddable":true,"href":"https:\/\/e-in.ch\/it\/wp-json\/wp\/v2\/comments?post=14724"}],"version-history":[{"count":2,"href":"https:\/\/e-in.ch\/it\/wp-json\/wp\/v2\/pages\/14724\/revisions"}],"predecessor-version":[{"id":14733,"href":"https:\/\/e-in.ch\/it\/wp-json\/wp\/v2\/pages\/14724\/revisions\/14733"}],"wp:attachment":[{"href":"https:\/\/e-in.ch\/it\/wp-json\/wp\/v2\/media?parent=14724"}],"curies":[{"name":"wp","href":"https:\/\/api.w.org\/{rel}","templated":true}]}}