{"id":4309,"date":"2025-03-11T14:25:24","date_gmt":"2025-03-11T13:25:24","guid":{"rendered":"https:\/\/e-in.ch\/product\/ubd-262-259-unterflur-bodendose-ubd-260-inkl-blinddeckel-flach-svz-ohne-kante-und-5mm-vertiefung\/"},"modified":"2026-04-18T02:59:01","modified_gmt":"2026-04-18T00:59:01","slug":"ubd-262-259-unterflur-bodendose-ubd-260-inkl-blinddeckel-flach-svz-ohne-kante-und-5mm-vertiefung","status":"publish","type":"product","link":"https:\/\/e-in.ch\/it\/product\/ubd-262-259-unterflur-bodendose-ubd-260-inkl-blinddeckel-flach-svz-ohne-kante-und-5mm-vertiefung\/","title":{"rendered":"UBD 262 259  &#8211;  Unterflur-Bodendose UBD 260 inkl. Blinddeckel, flach (SVZ), ohne Kante und 5mm Vertiefung"},"content":{"rendered":"<p>Mindestbodenaufbauh\u00f6he von Roh- bis Fertigboden:<br \/>&#8211; (2&#215;3 FLF horizontal): 62mm<br \/>&#8211; (2&#215;5 FLF vertikal): 84mm<br \/>&#8211; (45&#215;45-Ausschnitt): 74mm<\/p>\n<p>Nicht geeignet f\u00fcr Fl\u00fcssigb\u00f6den!<\/p>\n","protected":false},"excerpt":{"rendered":"<p>Mindestbodenaufbauh\u00f6he von Roh- bis Fertigboden:&#8211; (2&#215;3 FLF horizontal): 62mm&#8211; (2&#215;5 FLF vertikal): 84mm&#8211; (45&#215;45-Ausschnitt): 74mm Nicht geeignet f\u00fcr Fl\u00fcssigb\u00f6den!<\/p>\n","protected":false},"featured_media":13622,"template":"","meta":{"_acf_changed":false,"inline_featured_image":false,"wds_primary_product_brand":0,"wds_primary_product_cat":0},"anzahl-der-zuege":[],"anzahl-flf-plaetze":[119],"anzahl-module":[],"ausfuehrung":[],"auslass":[137],"belastung":[134],"deckel":[],"farbe":[],"form-dbr-dbk":[],"geeignet-fuer":[144],"groesse-der-dose":[131],"farbe--material":[126],"mindestaufbauhohe-flf":[222],"modul-geschirmt":[],"montageart":[],"mvt-kategorie":[],"varianten-fuer-elu--dbh-dbv":[],"vertiefung-im-deckel":[174],"product_brand":[],"product_cat":[278,1984],"product_tag":[145],"class_list":{"0":"post-4309","1":"product","2":"type-product","3":"status-publish","4":"has-post-thumbnail","6":"anzahl-flf-plaetze-119","7":"auslass-blinddeckel-ohne-auslass","8":"belastung-bis-500-kg","9":"geeignet-fuer-gewerbebau","10":"groesse-der-dose-ubd-260","11":"farbe--material-chromstahl","12":"mindestaufbauhohe-flf-222","13":"vertiefung-im-deckel-5-mm","14":"product_cat-1-unterflur-bodendosen-ubd","15":"product_cat-unterflur-bodendosen-ubd-260","16":"product_tag-fuer-den-gewerbebau","17":"sales-flash-overlay","18":"woocommerce-text-align-center","19":"woocommerce-image-align-center","20":"do-quantity-buttons","21":"wc-has-gallery","23":"first","24":"instock","25":"taxable","26":"shipping-taxable","27":"purchasable","28":"product-type-simple"},"acf":[],"_links":{"self":[{"href":"https:\/\/e-in.ch\/it\/wp-json\/wp\/v2\/product\/4309","targetHints":{"allow":["GET"]}}],"collection":[{"href":"https:\/\/e-in.ch\/it\/wp-json\/wp\/v2\/product"}],"about":[{"href":"https:\/\/e-in.ch\/it\/wp-json\/wp\/v2\/types\/product"}],"wp:featuredmedia":[{"embeddable":true,"href":"https:\/\/e-in.ch\/it\/wp-json\/wp\/v2\/media\/13622"}],"wp:attachment":[{"href":"https:\/\/e-in.ch\/it\/wp-json\/wp\/v2\/media?parent=4309"}],"wp:term":[{"taxonomy":"anzahl-der-zuege","embeddable":true,"href":"https:\/\/e-in.ch\/it\/wp-json\/wp\/v2\/anzahl-der-zuege?post=4309"},{"taxonomy":"anzahl-flf-plaetze","embeddable":true,"href":"https:\/\/e-in.ch\/it\/wp-json\/wp\/v2\/anzahl-flf-plaetze?post=4309"},{"taxonomy":"anzahl-module","embeddable":true,"href":"https:\/\/e-in.ch\/it\/wp-json\/wp\/v2\/anzahl-module?post=4309"},{"taxonomy":"ausfuehrung","embeddable":true,"href":"https:\/\/e-in.ch\/it\/wp-json\/wp\/v2\/ausfuehrung?post=4309"},{"taxonomy":"auslass","embeddable":true,"href":"https:\/\/e-in.ch\/it\/wp-json\/wp\/v2\/auslass?post=4309"},{"taxonomy":"belastung","embeddable":true,"href":"https:\/\/e-in.ch\/it\/wp-json\/wp\/v2\/belastung?post=4309"},{"taxonomy":"deckel","embeddable":true,"href":"https:\/\/e-in.ch\/it\/wp-json\/wp\/v2\/deckel?post=4309"},{"taxonomy":"farbe","embeddable":true,"href":"https:\/\/e-in.ch\/it\/wp-json\/wp\/v2\/farbe?post=4309"},{"taxonomy":"form-dbr-dbk","embeddable":true,"href":"https:\/\/e-in.ch\/it\/wp-json\/wp\/v2\/form-dbr-dbk?post=4309"},{"taxonomy":"geeignet-fuer","embeddable":true,"href":"https:\/\/e-in.ch\/it\/wp-json\/wp\/v2\/geeignet-fuer?post=4309"},{"taxonomy":"groesse-der-dose","embeddable":true,"href":"https:\/\/e-in.ch\/it\/wp-json\/wp\/v2\/groesse-der-dose?post=4309"},{"taxonomy":"farbe--material","embeddable":true,"href":"https:\/\/e-in.ch\/it\/wp-json\/wp\/v2\/farbe--material?post=4309"},{"taxonomy":"mindestaufbauhohe-flf","embeddable":true,"href":"https:\/\/e-in.ch\/it\/wp-json\/wp\/v2\/mindestaufbauhohe-flf?post=4309"},{"taxonomy":"modul-geschirmt","embeddable":true,"href":"https:\/\/e-in.ch\/it\/wp-json\/wp\/v2\/modul-geschirmt?post=4309"},{"taxonomy":"montageart","embeddable":true,"href":"https:\/\/e-in.ch\/it\/wp-json\/wp\/v2\/montageart?post=4309"},{"taxonomy":"mvt-kategorie","embeddable":true,"href":"https:\/\/e-in.ch\/it\/wp-json\/wp\/v2\/mvt-kategorie?post=4309"},{"taxonomy":"varianten-fuer-elu--dbh-dbv","embeddable":true,"href":"https:\/\/e-in.ch\/it\/wp-json\/wp\/v2\/varianten-fuer-elu--dbh-dbv?post=4309"},{"taxonomy":"vertiefung-im-deckel","embeddable":true,"href":"https:\/\/e-in.ch\/it\/wp-json\/wp\/v2\/vertiefung-im-deckel?post=4309"},{"taxonomy":"product_brand","embeddable":true,"href":"https:\/\/e-in.ch\/it\/wp-json\/wp\/v2\/product_brand?post=4309"},{"taxonomy":"product_cat","embeddable":true,"href":"https:\/\/e-in.ch\/it\/wp-json\/wp\/v2\/product_cat?post=4309"},{"taxonomy":"product_tag","embeddable":true,"href":"https:\/\/e-in.ch\/it\/wp-json\/wp\/v2\/product_tag?post=4309"}],"curies":[{"name":"wp","href":"https:\/\/api.w.org\/{rel}","templated":true}]}}