{"id":4448,"date":"2025-04-01T18:03:23","date_gmt":"2025-04-01T16:03:23","guid":{"rendered":"https:\/\/e-in.ch\/product\/ubd-002-045-nivellierschrauben-m10-laenge-45mm-2\/"},"modified":"2026-04-18T02:54:16","modified_gmt":"2026-04-18T00:54:16","slug":"ubd-002-045-nivellierschrauben-m10-laenge-45mm-2","status":"publish","type":"product","link":"https:\/\/e-in.ch\/it\/product\/ubd-002-045-nivellierschrauben-m10-laenge-45mm-2\/","title":{"rendered":"UBD 002 045  &#8211;  Nivellierschrauben M10, L\u00e4nge 45mm"},"content":{"rendered":"<p>Set \u00e0 4 St\u00fcck f\u00fcr Unterflur-Bodendose UBD 260 und UBD 320<\/p>\n<p>Bodenaufbauh\u00f6he von Roh- bis Fertigboden:<br \/>&#8211; (UBD 260\/320, 5mm Vertiefung): min. 62mm, max. 88mm<br \/>&#8211; (UBD 260\/320, 15mm Vertiefung): min. 72mm, max. 98mm<\/p>\n","protected":false},"excerpt":{"rendered":"<p>Set \u00e0 4 St\u00fcck f\u00fcr Unterflur-Bodendose UBD 260 und UBD 320 Bodenaufbauh\u00f6he von Roh- bis Fertigboden:&#8211; (UBD 260\/320, 5mm Vertiefung): min. 62mm, max. 88mm&#8211; (UBD 260\/320, 15mm Vertiefung): min. 72mm, max. 98mm<\/p>\n","protected":false},"featured_media":14045,"template":"","meta":{"_acf_changed":false,"inline_featured_image":false,"wds_primary_product_brand":0,"wds_primary_product_cat":0},"anzahl-der-zuege":[],"anzahl-flf-plaetze":[],"anzahl-module":[],"ausfuehrung":[],"auslass":[],"belastung":[],"deckel":[],"farbe":[],"form-dbr-dbk":[],"geeignet-fuer":[],"groesse-der-dose":[131,133],"farbe--material":[193],"mindestaufbauhohe-flf":[],"modul-geschirmt":[],"montageart":[],"mvt-kategorie":[],"varianten-fuer-elu--dbh-dbv":[],"vertiefung-im-deckel":[],"product_brand":[],"product_cat":[278,1984,1985,2330],"product_tag":[],"class_list":{"0":"post-4448","1":"product","2":"type-product","3":"status-publish","4":"has-post-thumbnail","6":"groesse-der-dose-ubd-260","7":"groesse-der-dose-ubd-320","8":"farbe--material-stahl-verzinkt","9":"product_cat-1-unterflur-bodendosen-ubd","10":"product_cat-unterflur-bodendosen-ubd-260","11":"product_cat-unterflur-bodendosen-ubd-320","12":"product_cat-unterflur-bodendosen-zubehoer","13":"sales-flash-overlay","14":"woocommerce-text-align-center","15":"woocommerce-image-align-center","16":"do-quantity-buttons","17":"wc-has-gallery","19":"first","20":"instock","21":"taxable","22":"shipping-taxable","23":"purchasable","24":"product-type-simple"},"acf":[],"_links":{"self":[{"href":"https:\/\/e-in.ch\/it\/wp-json\/wp\/v2\/product\/4448","targetHints":{"allow":["GET"]}}],"collection":[{"href":"https:\/\/e-in.ch\/it\/wp-json\/wp\/v2\/product"}],"about":[{"href":"https:\/\/e-in.ch\/it\/wp-json\/wp\/v2\/types\/product"}],"wp:featuredmedia":[{"embeddable":true,"href":"https:\/\/e-in.ch\/it\/wp-json\/wp\/v2\/media\/14045"}],"wp:attachment":[{"href":"https:\/\/e-in.ch\/it\/wp-json\/wp\/v2\/media?parent=4448"}],"wp:term":[{"taxonomy":"anzahl-der-zuege","embeddable":true,"href":"https:\/\/e-in.ch\/it\/wp-json\/wp\/v2\/anzahl-der-zuege?post=4448"},{"taxonomy":"anzahl-flf-plaetze","embeddable":true,"href":"https:\/\/e-in.ch\/it\/wp-json\/wp\/v2\/anzahl-flf-plaetze?post=4448"},{"taxonomy":"anzahl-module","embeddable":true,"href":"https:\/\/e-in.ch\/it\/wp-json\/wp\/v2\/anzahl-module?post=4448"},{"taxonomy":"ausfuehrung","embeddable":true,"href":"https:\/\/e-in.ch\/it\/wp-json\/wp\/v2\/ausfuehrung?post=4448"},{"taxonomy":"auslass","embeddable":true,"href":"https:\/\/e-in.ch\/it\/wp-json\/wp\/v2\/auslass?post=4448"},{"taxonomy":"belastung","embeddable":true,"href":"https:\/\/e-in.ch\/it\/wp-json\/wp\/v2\/belastung?post=4448"},{"taxonomy":"deckel","embeddable":true,"href":"https:\/\/e-in.ch\/it\/wp-json\/wp\/v2\/deckel?post=4448"},{"taxonomy":"farbe","embeddable":true,"href":"https:\/\/e-in.ch\/it\/wp-json\/wp\/v2\/farbe?post=4448"},{"taxonomy":"form-dbr-dbk","embeddable":true,"href":"https:\/\/e-in.ch\/it\/wp-json\/wp\/v2\/form-dbr-dbk?post=4448"},{"taxonomy":"geeignet-fuer","embeddable":true,"href":"https:\/\/e-in.ch\/it\/wp-json\/wp\/v2\/geeignet-fuer?post=4448"},{"taxonomy":"groesse-der-dose","embeddable":true,"href":"https:\/\/e-in.ch\/it\/wp-json\/wp\/v2\/groesse-der-dose?post=4448"},{"taxonomy":"farbe--material","embeddable":true,"href":"https:\/\/e-in.ch\/it\/wp-json\/wp\/v2\/farbe--material?post=4448"},{"taxonomy":"mindestaufbauhohe-flf","embeddable":true,"href":"https:\/\/e-in.ch\/it\/wp-json\/wp\/v2\/mindestaufbauhohe-flf?post=4448"},{"taxonomy":"modul-geschirmt","embeddable":true,"href":"https:\/\/e-in.ch\/it\/wp-json\/wp\/v2\/modul-geschirmt?post=4448"},{"taxonomy":"montageart","embeddable":true,"href":"https:\/\/e-in.ch\/it\/wp-json\/wp\/v2\/montageart?post=4448"},{"taxonomy":"mvt-kategorie","embeddable":true,"href":"https:\/\/e-in.ch\/it\/wp-json\/wp\/v2\/mvt-kategorie?post=4448"},{"taxonomy":"varianten-fuer-elu--dbh-dbv","embeddable":true,"href":"https:\/\/e-in.ch\/it\/wp-json\/wp\/v2\/varianten-fuer-elu--dbh-dbv?post=4448"},{"taxonomy":"vertiefung-im-deckel","embeddable":true,"href":"https:\/\/e-in.ch\/it\/wp-json\/wp\/v2\/vertiefung-im-deckel?post=4448"},{"taxonomy":"product_brand","embeddable":true,"href":"https:\/\/e-in.ch\/it\/wp-json\/wp\/v2\/product_brand?post=4448"},{"taxonomy":"product_cat","embeddable":true,"href":"https:\/\/e-in.ch\/it\/wp-json\/wp\/v2\/product_cat?post=4448"},{"taxonomy":"product_tag","embeddable":true,"href":"https:\/\/e-in.ch\/it\/wp-json\/wp\/v2\/product_tag?post=4448"}],"curies":[{"name":"wp","href":"https:\/\/api.w.org\/{rel}","templated":true}]}}