{"id":4559,"date":"2025-04-01T18:05:06","date_gmt":"2025-04-01T16:05:06","guid":{"rendered":"https:\/\/e-in.ch\/product\/wad-146-461-wandauslass-wad-rahmen-mit-klappdeckel-typ-46-chromstahl-geschliffen-2\/"},"modified":"2026-04-18T02:59:22","modified_gmt":"2026-04-18T00:59:22","slug":"wad-146-461-wandauslass-wad-rahmen-mit-klappdeckel-typ-46-chromstahl-geschliffen-2","status":"publish","type":"product","link":"https:\/\/e-in.ch\/it\/product\/wad-146-461-wandauslass-wad-rahmen-mit-klappdeckel-typ-46-chromstahl-geschliffen-2\/","title":{"rendered":"WAD 146 461  &#8211;  Wandauslass WAD Rahmen mit Klappdeckel Typ 46, Chromstahl geschliffen"},"content":{"rendered":"<p>Gr\u00f6sse: 295 x 190 mm<br \/>f\u00fcr vertikales &amp; horizontales Geh\u00e4use <\/p>\n","protected":false},"excerpt":{"rendered":"<p>Gr\u00f6sse: 295 x 190 mmf\u00fcr vertikales &amp; horizontales Geh\u00e4use<\/p>\n","protected":false},"featured_media":14125,"template":"","meta":{"_acf_changed":false,"inline_featured_image":false,"wds_primary_product_brand":0,"wds_primary_product_cat":0},"anzahl-der-zuege":[],"anzahl-flf-plaetze":[121,119],"anzahl-module":[],"ausfuehrung":[],"auslass":[123],"belastung":[],"deckel":[],"farbe":[2257],"form-dbr-dbk":[],"geeignet-fuer":[],"groesse-der-dose":[],"farbe--material":[126],"mindestaufbauhohe-flf":[],"modul-geschirmt":[],"montageart":[],"mvt-kategorie":[],"varianten-fuer-elu--dbh-dbv":[],"vertiefung-im-deckel":[],"product_brand":[],"product_cat":[294,2147],"product_tag":[],"class_list":{"0":"post-4559","1":"product","2":"type-product","3":"status-publish","4":"has-post-thumbnail","6":"anzahl-flf-plaetze-121","7":"anzahl-flf-plaetze-119","8":"auslass-1-buerstenauslass","9":"farbe-chromstahl","10":"farbe--material-chromstahl","11":"product_cat-8-wandauslaesse-wad","12":"product_cat-wandauslaesse-wad-46","13":"sales-flash-overlay","14":"woocommerce-text-align-center","15":"woocommerce-image-align-center","16":"do-quantity-buttons","17":"wc-has-gallery","19":"first","20":"instock","21":"taxable","22":"shipping-taxable","23":"purchasable","24":"product-type-simple"},"acf":[],"_links":{"self":[{"href":"https:\/\/e-in.ch\/it\/wp-json\/wp\/v2\/product\/4559","targetHints":{"allow":["GET"]}}],"collection":[{"href":"https:\/\/e-in.ch\/it\/wp-json\/wp\/v2\/product"}],"about":[{"href":"https:\/\/e-in.ch\/it\/wp-json\/wp\/v2\/types\/product"}],"wp:featuredmedia":[{"embeddable":true,"href":"https:\/\/e-in.ch\/it\/wp-json\/wp\/v2\/media\/14125"}],"wp:attachment":[{"href":"https:\/\/e-in.ch\/it\/wp-json\/wp\/v2\/media?parent=4559"}],"wp:term":[{"taxonomy":"anzahl-der-zuege","embeddable":true,"href":"https:\/\/e-in.ch\/it\/wp-json\/wp\/v2\/anzahl-der-zuege?post=4559"},{"taxonomy":"anzahl-flf-plaetze","embeddable":true,"href":"https:\/\/e-in.ch\/it\/wp-json\/wp\/v2\/anzahl-flf-plaetze?post=4559"},{"taxonomy":"anzahl-module","embeddable":true,"href":"https:\/\/e-in.ch\/it\/wp-json\/wp\/v2\/anzahl-module?post=4559"},{"taxonomy":"ausfuehrung","embeddable":true,"href":"https:\/\/e-in.ch\/it\/wp-json\/wp\/v2\/ausfuehrung?post=4559"},{"taxonomy":"auslass","embeddable":true,"href":"https:\/\/e-in.ch\/it\/wp-json\/wp\/v2\/auslass?post=4559"},{"taxonomy":"belastung","embeddable":true,"href":"https:\/\/e-in.ch\/it\/wp-json\/wp\/v2\/belastung?post=4559"},{"taxonomy":"deckel","embeddable":true,"href":"https:\/\/e-in.ch\/it\/wp-json\/wp\/v2\/deckel?post=4559"},{"taxonomy":"farbe","embeddable":true,"href":"https:\/\/e-in.ch\/it\/wp-json\/wp\/v2\/farbe?post=4559"},{"taxonomy":"form-dbr-dbk","embeddable":true,"href":"https:\/\/e-in.ch\/it\/wp-json\/wp\/v2\/form-dbr-dbk?post=4559"},{"taxonomy":"geeignet-fuer","embeddable":true,"href":"https:\/\/e-in.ch\/it\/wp-json\/wp\/v2\/geeignet-fuer?post=4559"},{"taxonomy":"groesse-der-dose","embeddable":true,"href":"https:\/\/e-in.ch\/it\/wp-json\/wp\/v2\/groesse-der-dose?post=4559"},{"taxonomy":"farbe--material","embeddable":true,"href":"https:\/\/e-in.ch\/it\/wp-json\/wp\/v2\/farbe--material?post=4559"},{"taxonomy":"mindestaufbauhohe-flf","embeddable":true,"href":"https:\/\/e-in.ch\/it\/wp-json\/wp\/v2\/mindestaufbauhohe-flf?post=4559"},{"taxonomy":"modul-geschirmt","embeddable":true,"href":"https:\/\/e-in.ch\/it\/wp-json\/wp\/v2\/modul-geschirmt?post=4559"},{"taxonomy":"montageart","embeddable":true,"href":"https:\/\/e-in.ch\/it\/wp-json\/wp\/v2\/montageart?post=4559"},{"taxonomy":"mvt-kategorie","embeddable":true,"href":"https:\/\/e-in.ch\/it\/wp-json\/wp\/v2\/mvt-kategorie?post=4559"},{"taxonomy":"varianten-fuer-elu--dbh-dbv","embeddable":true,"href":"https:\/\/e-in.ch\/it\/wp-json\/wp\/v2\/varianten-fuer-elu--dbh-dbv?post=4559"},{"taxonomy":"vertiefung-im-deckel","embeddable":true,"href":"https:\/\/e-in.ch\/it\/wp-json\/wp\/v2\/vertiefung-im-deckel?post=4559"},{"taxonomy":"product_brand","embeddable":true,"href":"https:\/\/e-in.ch\/it\/wp-json\/wp\/v2\/product_brand?post=4559"},{"taxonomy":"product_cat","embeddable":true,"href":"https:\/\/e-in.ch\/it\/wp-json\/wp\/v2\/product_cat?post=4559"},{"taxonomy":"product_tag","embeddable":true,"href":"https:\/\/e-in.ch\/it\/wp-json\/wp\/v2\/product_tag?post=4559"}],"curies":[{"name":"wp","href":"https:\/\/api.w.org\/{rel}","templated":true}]}}