{"id":8072,"date":"2025-07-01T03:00:01","date_gmt":"2025-07-01T01:00:01","guid":{"rendered":"https:\/\/e-in.ch\/product\/mvt-200-106-cat-8-1-rj45-keystone-anschlussmodul-geschirmt-stp-2226-awg\/"},"modified":"2026-04-18T02:54:07","modified_gmt":"2026-04-18T00:54:07","slug":"mvt-200-106-cat-8-1-rj45-keystone-anschlussmodul-geschirmt-stp-2226-awg","status":"publish","type":"product","link":"https:\/\/e-in.ch\/it\/product\/mvt-200-106-cat-8-1-rj45-keystone-anschlussmodul-geschirmt-stp-2226-awg\/","title":{"rendered":"MVT 200 106  &#8211;  Cat.8.1 RJ45 Keystone Anschlussmodul, geschirmt, STP 2226 AWG"},"content":{"rendered":"<p>CAT.8 Class I, 2000 MHz, bis 25\/40 GbE, GHMT zertifiziert<br \/>Geeignet f\u00fcr Cat.6A, Cat.7A und Cat.8.1 Verkabelung<br \/>Geschirmtes Zinkdruckgussgeh\u00e4use, kleine Bauform<br \/>Geeignet f\u00fcr PoE, PoE+ und PoE++<br \/>F\u00fcr 22 bis 26 AWG Kabelanschluss<br \/>F\u00fcr Kabeldurchmesser von 5,0 bis 8,5 mm<br \/>Geeignet f\u00fcr den Einbau in Dosen und Panels<br \/>Einfache Montage ohne spezielles Werkzeug<\/p>\n","protected":false},"excerpt":{"rendered":"<p>CAT.8 Class I, 2000 MHz, bis 25\/40 GbE, GHMT zertifiziertGeeignet f\u00fcr Cat.6A, Cat.7A und Cat.8.1 VerkabelungGeschirmtes Zinkdruckgussgeh\u00e4use, kleine BauformGeeignet f\u00fcr PoE, PoE+ und PoE++F\u00fcr 22 bis 26 AWG KabelanschlussF\u00fcr Kabeldurchmesser von 5,0 bis 8,5 mmGeeignet f\u00fcr den Einbau in Dosen und PanelsEinfache Montage ohne spezielles Werkzeug<\/p>\n","protected":false},"featured_media":14105,"template":"","meta":{"_acf_changed":false,"inline_featured_image":false,"wds_primary_product_brand":0,"wds_primary_product_cat":0},"anzahl-der-zuege":[],"anzahl-flf-plaetze":[],"anzahl-module":[],"ausfuehrung":[],"auslass":[],"belastung":[],"deckel":[],"farbe":[],"form-dbr-dbk":[],"geeignet-fuer":[],"groesse-der-dose":[],"farbe--material":[],"mindestaufbauhohe-flf":[],"modul-geschirmt":[2549],"montageart":[],"mvt-kategorie":[2550],"varianten-fuer-elu--dbh-dbv":[],"vertiefung-im-deckel":[],"product_brand":[],"product_cat":[295,2520],"product_tag":[],"class_list":{"0":"post-8072","1":"product","2":"type-product","3":"status-publish","4":"has-post-thumbnail","6":"modul-geschirmt-ja","7":"mvt-kategorie-2550","8":"product_cat-9-medienverteiler-mvt","9":"product_cat-module","10":"sales-flash-overlay","11":"woocommerce-text-align-center","12":"woocommerce-image-align-center","13":"do-quantity-buttons","14":"wc-has-gallery","16":"first","17":"instock","18":"taxable","19":"shipping-taxable","20":"purchasable","21":"product-type-simple"},"acf":[],"_links":{"self":[{"href":"https:\/\/e-in.ch\/it\/wp-json\/wp\/v2\/product\/8072","targetHints":{"allow":["GET"]}}],"collection":[{"href":"https:\/\/e-in.ch\/it\/wp-json\/wp\/v2\/product"}],"about":[{"href":"https:\/\/e-in.ch\/it\/wp-json\/wp\/v2\/types\/product"}],"wp:featuredmedia":[{"embeddable":true,"href":"https:\/\/e-in.ch\/it\/wp-json\/wp\/v2\/media\/14105"}],"wp:attachment":[{"href":"https:\/\/e-in.ch\/it\/wp-json\/wp\/v2\/media?parent=8072"}],"wp:term":[{"taxonomy":"anzahl-der-zuege","embeddable":true,"href":"https:\/\/e-in.ch\/it\/wp-json\/wp\/v2\/anzahl-der-zuege?post=8072"},{"taxonomy":"anzahl-flf-plaetze","embeddable":true,"href":"https:\/\/e-in.ch\/it\/wp-json\/wp\/v2\/anzahl-flf-plaetze?post=8072"},{"taxonomy":"anzahl-module","embeddable":true,"href":"https:\/\/e-in.ch\/it\/wp-json\/wp\/v2\/anzahl-module?post=8072"},{"taxonomy":"ausfuehrung","embeddable":true,"href":"https:\/\/e-in.ch\/it\/wp-json\/wp\/v2\/ausfuehrung?post=8072"},{"taxonomy":"auslass","embeddable":true,"href":"https:\/\/e-in.ch\/it\/wp-json\/wp\/v2\/auslass?post=8072"},{"taxonomy":"belastung","embeddable":true,"href":"https:\/\/e-in.ch\/it\/wp-json\/wp\/v2\/belastung?post=8072"},{"taxonomy":"deckel","embeddable":true,"href":"https:\/\/e-in.ch\/it\/wp-json\/wp\/v2\/deckel?post=8072"},{"taxonomy":"farbe","embeddable":true,"href":"https:\/\/e-in.ch\/it\/wp-json\/wp\/v2\/farbe?post=8072"},{"taxonomy":"form-dbr-dbk","embeddable":true,"href":"https:\/\/e-in.ch\/it\/wp-json\/wp\/v2\/form-dbr-dbk?post=8072"},{"taxonomy":"geeignet-fuer","embeddable":true,"href":"https:\/\/e-in.ch\/it\/wp-json\/wp\/v2\/geeignet-fuer?post=8072"},{"taxonomy":"groesse-der-dose","embeddable":true,"href":"https:\/\/e-in.ch\/it\/wp-json\/wp\/v2\/groesse-der-dose?post=8072"},{"taxonomy":"farbe--material","embeddable":true,"href":"https:\/\/e-in.ch\/it\/wp-json\/wp\/v2\/farbe--material?post=8072"},{"taxonomy":"mindestaufbauhohe-flf","embeddable":true,"href":"https:\/\/e-in.ch\/it\/wp-json\/wp\/v2\/mindestaufbauhohe-flf?post=8072"},{"taxonomy":"modul-geschirmt","embeddable":true,"href":"https:\/\/e-in.ch\/it\/wp-json\/wp\/v2\/modul-geschirmt?post=8072"},{"taxonomy":"montageart","embeddable":true,"href":"https:\/\/e-in.ch\/it\/wp-json\/wp\/v2\/montageart?post=8072"},{"taxonomy":"mvt-kategorie","embeddable":true,"href":"https:\/\/e-in.ch\/it\/wp-json\/wp\/v2\/mvt-kategorie?post=8072"},{"taxonomy":"varianten-fuer-elu--dbh-dbv","embeddable":true,"href":"https:\/\/e-in.ch\/it\/wp-json\/wp\/v2\/varianten-fuer-elu--dbh-dbv?post=8072"},{"taxonomy":"vertiefung-im-deckel","embeddable":true,"href":"https:\/\/e-in.ch\/it\/wp-json\/wp\/v2\/vertiefung-im-deckel?post=8072"},{"taxonomy":"product_brand","embeddable":true,"href":"https:\/\/e-in.ch\/it\/wp-json\/wp\/v2\/product_brand?post=8072"},{"taxonomy":"product_cat","embeddable":true,"href":"https:\/\/e-in.ch\/it\/wp-json\/wp\/v2\/product_cat?post=8072"},{"taxonomy":"product_tag","embeddable":true,"href":"https:\/\/e-in.ch\/it\/wp-json\/wp\/v2\/product_tag?post=8072"}],"curies":[{"name":"wp","href":"https:\/\/api.w.org\/{rel}","templated":true}]}}